{"id":104,"date":"2020-09-15T13:57:00","date_gmt":"2020-09-15T11:57:00","guid":{"rendered":"https:\/\/zsms.zabrze.pl\/?page_id=104"},"modified":"2025-03-25T08:41:03","modified_gmt":"2025-03-25T07:41:03","slug":"pedagog-szkolny","status":"publish","type":"page","link":"https:\/\/zsms.zabrze.pl\/?page_id=104","title":{"rendered":"Pedagog szkolny"},"content":{"rendered":"\n<figure class=\"wp-block-image alignright size-large\"><img loading=\"lazy\" decoding=\"async\" width=\"225\" height=\"150\" src=\"https:\/\/zsms.zabrze.pl\/wp-content\/uploads\/2020\/09\/pedagog1.jpg\" alt=\"\" class=\"wp-image-106\"\/><\/figure>\n\n\n\n<p class=\"has-text-align-right\"><strong><em>\u201eTroska o dziecko jest pierwszym i podstawowym sprawdzianem stosunku&nbsp;cz\u0142owieka do cz\u0142owieka\u201d<\/em><\/strong><\/p>\n\n\n\n<p class=\"has-text-align-right\"><strong><em>Jan Pawe\u0142 II<\/em><\/strong><\/p>\n\n\n\n<figure class=\"wp-block-image aligncenter size-large\"><img loading=\"lazy\" decoding=\"async\" width=\"250\" height=\"159\" src=\"https:\/\/zsms.zabrze.pl\/wp-content\/uploads\/2020\/09\/pedgag2.png\" alt=\"\" class=\"wp-image-110\"\/><\/figure>\n\n\n\n<p>Pedagog szkolny:<\/p>\n\n\n\n<p>mgr <strong>Magdalena Urba\u0144czyk<\/strong><\/p>\n\n\n\n<hr class=\"wp-block-separator has-css-opacity\"\/>\n\n\n\n<p>Godziny pracy: <strong>od poniedzia\u0142ku do pi\u0105tku w godzinach od 8.15 do 12.15<\/strong><\/p>\n\n\n\n<p>Gabinet pedagoga znajduje si\u0119 na parterze <strong>(pok\u00f3j nr 16).<\/strong><\/p>\n\n\n\n<p>Zach\u0119cam tak\u017ce do kontaktu poprzez e-mail oraz facebook <strong><a href=\"mailto:magdalena.urbanczyk@zsms.com.pl\">magdalena.urbanczyk@zsms.zabrze.pl<\/a><\/strong><\/p>\n\n\n\n<p><strong>Drogi Uczniu,<\/strong><\/p>\n\n\n\n<p>je\u017celi:<\/p>\n\n\n\n<ul class=\"wp-block-list\">\n<li><em>jeste\u015b w trudnej sytuacji i nie wiesz, jak z niej wyj\u015b\u0107<\/em><\/li>\n\n\n\n<li><em>szukasz pomocy w radzeniu sobie ze stresem,<\/em><\/li>\n\n\n\n<li><em>chcesz z kim\u015b porozmawia\u0107,<\/em><\/li>\n\n\n\n<li><em>masz problemy rodzinne,<\/em><\/li>\n\n\n\n<li><em>znajdujesz si\u0119 w trudnej sytuacji materialnej,<\/em><\/li>\n\n\n\n<li><em>chcesz porady w wyborze zawodu lub dalszego kszta\u0142cenia,<\/em><\/li>\n\n\n\n<li><em>chcesz pom\u00f3c drugiej osobie, ale nie wiesz jak,<\/em><\/li>\n<\/ul>\n\n\n\n<p><strong>zwr\u00f3\u0107 si\u0119 do pedagoga szkolnego !<\/strong><\/p>\n\n\n\n<figure class=\"wp-block-image aligncenter size-large\"><img loading=\"lazy\" decoding=\"async\" width=\"502\" height=\"416\" src=\"https:\/\/zsms.zabrze.pl\/wp-content\/uploads\/2020\/09\/pedagog3.png\" alt=\"\" class=\"wp-image-112\" srcset=\"https:\/\/zsms.zabrze.pl\/wp-content\/uploads\/2020\/09\/pedagog3.png 502w, https:\/\/zsms.zabrze.pl\/wp-content\/uploads\/2020\/09\/pedagog3-300x249.png 300w\" sizes=\"auto, (max-width: 502px) 100vw, 502px\" \/><\/figure>\n\n\n\n<p><strong>Drogi Rodzicu<\/strong>,<\/p>\n\n\n\n<p>gdy:<\/p>\n\n\n\n<ul class=\"wp-block-list\">\n<li><em>niepokoi Ci\u0119 zachowanie dziecka ,<\/em><\/li>\n\n\n\n<li><em>chcesz porozmawia\u0107 o dziecku i Twoich z nim relacjach,<\/em><\/li>\n\n\n\n<li><em>masz pytania dotycz\u0105ce wynik\u00f3w w nauce dziecka i jego funkcjonowania w szkole,<\/em><\/li>\n\n\n\n<li><em>potrzebujesz wsparcia w procesie wychowania,<\/em><\/li>\n\n\n\n<li><em>Twoje dziecko potrzebuje pomocy ze strony szko\u0142y,<\/em><\/li>\n\n\n\n<li><em>potrzebujesz informacji na temat instytucji wspomagaj\u0105cych rodzin\u0119.<\/em><\/li>\n<\/ul>\n\n\n\n<p><strong>Zapraszam !<\/strong><\/p>\n\n\n\n<figure class=\"wp-block-image aligncenter size-large\"><img loading=\"lazy\" decoding=\"async\" width=\"402\" height=\"299\" src=\"https:\/\/zsms.zabrze.pl\/wp-content\/uploads\/2020\/09\/pedagog5.jpg\" alt=\"\" class=\"wp-image-114\" srcset=\"https:\/\/zsms.zabrze.pl\/wp-content\/uploads\/2020\/09\/pedagog5.jpg 402w, https:\/\/zsms.zabrze.pl\/wp-content\/uploads\/2020\/09\/pedagog5-300x223.jpg 300w\" sizes=\"auto, (max-width: 402px) 100vw, 402px\" \/><\/figure>\n","protected":false},"excerpt":{"rendered":"<p>\u201eTroska o dziecko jest pierwszym i podstawowym sprawdzianem stosunku&nbsp;cz\u0142owieka do cz\u0142owieka\u201d Jan Pawe\u0142 II Pedagog szkolny: mgr Magdalena Urba\u0144czyk Godziny<\/p>\n","protected":false},"author":3,"featured_media":0,"parent":0,"menu_order":0,"comment_status":"closed","ping_status":"closed","template":"","meta":{"colormag_page_container_layout":"default_layout","colormag_page_sidebar_layout":"default_layout","footnotes":""},"class_list":["post-104","page","type-page","status-publish","hentry"],"yoast_head":"<!-- This site is optimized with the Yoast SEO plugin v27.2 - https:\/\/yoast.com\/product\/yoast-seo-wordpress\/ -->\n<title>Pedagog szkolny - Zesp\u00f3\u0142 Szk\u00f3\u0142 Mechaniczno-Samochodowych w Zabrzu<\/title>\n<meta name=\"robots\" content=\"index, follow, max-snippet:-1, max-image-preview:large, max-video-preview:-1\" \/>\n<link rel=\"canonical\" href=\"https:\/\/zsms.zabrze.pl\/?page_id=104\" \/>\n<meta property=\"og:locale\" content=\"pl_PL\" \/>\n<meta property=\"og:type\" content=\"article\" \/>\n<meta property=\"og:title\" content=\"Pedagog szkolny - Zesp\u00f3\u0142 Szk\u00f3\u0142 Mechaniczno-Samochodowych w Zabrzu\" \/>\n<meta property=\"og:description\" content=\"\u201eTroska o dziecko jest pierwszym i podstawowym sprawdzianem stosunku&nbsp;cz\u0142owieka do cz\u0142owieka\u201d Jan Pawe\u0142 II Pedagog szkolny: mgr Magdalena Urba\u0144czyk Godziny\" \/>\n<meta property=\"og:url\" content=\"https:\/\/zsms.zabrze.pl\/?page_id=104\" \/>\n<meta property=\"og:site_name\" content=\"Zesp\u00f3\u0142 Szk\u00f3\u0142 Mechaniczno-Samochodowych w Zabrzu\" \/>\n<meta property=\"article:publisher\" content=\"https:\/\/www.facebook.com\/zsmszabrze\/\" \/>\n<meta property=\"article:modified_time\" content=\"2025-03-25T07:41:03+00:00\" \/>\n<meta property=\"og:image\" content=\"https:\/\/zsms.zabrze.pl\/wp-content\/uploads\/2020\/09\/pedagog1.jpg\" \/>\n<meta name=\"twitter:card\" content=\"summary_large_image\" \/>\n<meta name=\"twitter:label1\" content=\"Szacowany czas czytania\" \/>\n\t<meta name=\"twitter:data1\" content=\"2 minuty\" \/>\n<!-- \/ Yoast SEO plugin. -->","yoast_head_json":{"title":"Pedagog szkolny - Zesp\u00f3\u0142 Szk\u00f3\u0142 Mechaniczno-Samochodowych w Zabrzu","robots":{"index":"index","follow":"follow","max-snippet":"max-snippet:-1","max-image-preview":"max-image-preview:large","max-video-preview":"max-video-preview:-1"},"canonical":"https:\/\/zsms.zabrze.pl\/?page_id=104","og_locale":"pl_PL","og_type":"article","og_title":"Pedagog szkolny - Zesp\u00f3\u0142 Szk\u00f3\u0142 Mechaniczno-Samochodowych w Zabrzu","og_description":"\u201eTroska o dziecko jest pierwszym i podstawowym sprawdzianem stosunku&nbsp;cz\u0142owieka do cz\u0142owieka\u201d Jan Pawe\u0142 II Pedagog szkolny: mgr Magdalena Urba\u0144czyk Godziny","og_url":"https:\/\/zsms.zabrze.pl\/?page_id=104","og_site_name":"Zesp\u00f3\u0142 Szk\u00f3\u0142 Mechaniczno-Samochodowych w Zabrzu","article_publisher":"https:\/\/www.facebook.com\/zsmszabrze\/","article_modified_time":"2025-03-25T07:41:03+00:00","og_image":[{"url":"https:\/\/zsms.zabrze.pl\/wp-content\/uploads\/2020\/09\/pedagog1.jpg","type":"","width":"","height":""}],"twitter_card":"summary_large_image","twitter_misc":{"Szacowany czas czytania":"2 minuty"},"schema":{"@context":"https:\/\/schema.org","@graph":[{"@type":"WebPage","@id":"https:\/\/zsms.zabrze.pl\/?page_id=104","url":"https:\/\/zsms.zabrze.pl\/?page_id=104","name":"Pedagog szkolny - Zesp\u00f3\u0142 Szk\u00f3\u0142 Mechaniczno-Samochodowych w Zabrzu","isPartOf":{"@id":"https:\/\/zsms.zabrze.pl\/#website"},"primaryImageOfPage":{"@id":"https:\/\/zsms.zabrze.pl\/?page_id=104#primaryimage"},"image":{"@id":"https:\/\/zsms.zabrze.pl\/?page_id=104#primaryimage"},"thumbnailUrl":"https:\/\/zsms.zabrze.pl\/wp-content\/uploads\/2020\/09\/pedagog1.jpg","datePublished":"2020-09-15T11:57:00+00:00","dateModified":"2025-03-25T07:41:03+00:00","breadcrumb":{"@id":"https:\/\/zsms.zabrze.pl\/?page_id=104#breadcrumb"},"inLanguage":"pl-PL","potentialAction":[{"@type":"ReadAction","target":["https:\/\/zsms.zabrze.pl\/?page_id=104"]}]},{"@type":"ImageObject","inLanguage":"pl-PL","@id":"https:\/\/zsms.zabrze.pl\/?page_id=104#primaryimage","url":"https:\/\/zsms.zabrze.pl\/wp-content\/uploads\/2020\/09\/pedagog1.jpg","contentUrl":"https:\/\/zsms.zabrze.pl\/wp-content\/uploads\/2020\/09\/pedagog1.jpg","width":225,"height":150},{"@type":"BreadcrumbList","@id":"https:\/\/zsms.zabrze.pl\/?page_id=104#breadcrumb","itemListElement":[{"@type":"ListItem","position":1,"name":"Strona g\u0142\u00f3wna","item":"https:\/\/zsms.zabrze.pl\/"},{"@type":"ListItem","position":2,"name":"Pedagog szkolny"}]},{"@type":"WebSite","@id":"https:\/\/zsms.zabrze.pl\/#website","url":"https:\/\/zsms.zabrze.pl\/","name":"Zesp\u00f3\u0142 Szk\u00f3\u0142 Mechaniczno-Samochodowych w Zabrzu","description":"","publisher":{"@id":"https:\/\/zsms.zabrze.pl\/#organization"},"potentialAction":[{"@type":"SearchAction","target":{"@type":"EntryPoint","urlTemplate":"https:\/\/zsms.zabrze.pl\/?s={search_term_string}"},"query-input":{"@type":"PropertyValueSpecification","valueRequired":true,"valueName":"search_term_string"}}],"inLanguage":"pl-PL"},{"@type":"Organization","@id":"https:\/\/zsms.zabrze.pl\/#organization","name":"Zesp\u00f3\u0142 Szk\u00f3\u0142 Mechaniczno-Samochodowych w Zabrzu","url":"https:\/\/zsms.zabrze.pl\/","logo":{"@type":"ImageObject","inLanguage":"pl-PL","@id":"https:\/\/zsms.zabrze.pl\/#\/schema\/logo\/image\/","url":"https:\/\/zsms.zabrze.pl\/wp-content\/uploads\/2020\/10\/logo600.jpg","contentUrl":"https:\/\/zsms.zabrze.pl\/wp-content\/uploads\/2020\/10\/logo600.jpg","width":600,"height":600,"caption":"Zesp\u00f3\u0142 Szk\u00f3\u0142 Mechaniczno-Samochodowych w Zabrzu"},"image":{"@id":"https:\/\/zsms.zabrze.pl\/#\/schema\/logo\/image\/"},"sameAs":["https:\/\/www.facebook.com\/zsmszabrze\/"]}]}},"_links":{"self":[{"href":"https:\/\/zsms.zabrze.pl\/index.php?rest_route=\/wp\/v2\/pages\/104","targetHints":{"allow":["GET"]}}],"collection":[{"href":"https:\/\/zsms.zabrze.pl\/index.php?rest_route=\/wp\/v2\/pages"}],"about":[{"href":"https:\/\/zsms.zabrze.pl\/index.php?rest_route=\/wp\/v2\/types\/page"}],"author":[{"embeddable":true,"href":"https:\/\/zsms.zabrze.pl\/index.php?rest_route=\/wp\/v2\/users\/3"}],"replies":[{"embeddable":true,"href":"https:\/\/zsms.zabrze.pl\/index.php?rest_route=%2Fwp%2Fv2%2Fcomments&post=104"}],"version-history":[{"count":8,"href":"https:\/\/zsms.zabrze.pl\/index.php?rest_route=\/wp\/v2\/pages\/104\/revisions"}],"predecessor-version":[{"id":5188,"href":"https:\/\/zsms.zabrze.pl\/index.php?rest_route=\/wp\/v2\/pages\/104\/revisions\/5188"}],"wp:attachment":[{"href":"https:\/\/zsms.zabrze.pl\/index.php?rest_route=%2Fwp%2Fv2%2Fmedia&parent=104"}],"curies":[{"name":"wp","href":"https:\/\/api.w.org\/{rel}","templated":true}]}}