{"id":119,"date":"2020-09-15T14:16:47","date_gmt":"2020-09-15T12:16:47","guid":{"rendered":"https:\/\/zsms.zabrze.pl\/?page_id=119"},"modified":"2020-09-15T14:16:48","modified_gmt":"2020-09-15T12:16:48","slug":"polityka-prywatnosci-cookies","status":"publish","type":"page","link":"https:\/\/zsms.zabrze.pl\/?page_id=119","title":{"rendered":"Polityka prywatno\u015bci (Cookies)"},"content":{"rendered":"<h5 style=\"text-align: center;\">Polityka Cookies<\/h5>\n<p>Poni\u017csza Polityka Cookies okre\u015bla zasady zapisywania i uzyskiwania dost\u0119pu do danych na Urz\u0105dzeniach U\u017cytkownik\u00f3w korzystaj\u0105cych z Serwisu do cel\u00f3w \u015bwiadczenia us\u0142ug drog\u0105 elektroniczn\u0105 przez Administratora Serwisu.<\/p>\n<h6 style=\"text-align: center;\">\u00a7 1 Definicje<\/h6>\n<ul>\n<li><strong>Serwis<\/strong> &#8211; serwis internetowy dzia\u0142aj\u0105cy pod adresem <span id=\"serwis\"><span class=\"colored\">zsms.com.pl<\/span><\/span><\/li>\n<li><strong>Serwis zewn\u0119trzny<\/strong> &#8211; serwis internetowe partner\u00f3w, us\u0142ugodawc\u00f3w lub us\u0142ugobiorc\u00f3w Administratora<\/li>\n<li><strong>Administrator<\/strong> &#8211; firma <span id=\"firma\"><span class=\"colored\">Zesp\u00f3\u0142 Szk\u00f3\u0142 Mechaniczno-Samochodowych w Zabrzu<\/span>, prowadz\u0105ca dzia\u0142alno\u015b\u0107 pod adresem: <span class=\"colored\">41-819 Zabrze, ul. Franciszka\u0144ska 4<\/span>, o nadanym numerze identyfikacji podatkowej (NIP): <span class=\"colored\">6481102130<\/span>, o nadanym numerze REGON: <span class=\"colored\">000695545<\/span><\/span>, \u015bwiadcz\u0105ca us\u0142ugi drog\u0105 elektroniczn\u0105 za po\u015brednictwem Serwisu oraz przechowuj\u0105ca i uzyskuj\u0105ca dost\u0119p do informacji w urz\u0105dzeniach U\u017cytkownika<\/li>\n<li><strong>U\u017cytkownik<\/strong> &#8211; osba fizyczna, dla kt\u00f3rej Administrator \u015bwiadczy us\u0142ugi drog\u0105 elektroniczna za po\u015brednictwem Serwisu.<\/li>\n<li><strong>Urz\u0105dzenie<\/strong> &#8211; elektroniczne urz\u0105dzenie wraz z oprogramowaniem, za po\u015brednictwem, kt\u00f3rego U\u017cytkownik uzyskuje dost\u0119p do Serwisu<\/li>\n<li><strong>Cookies (ciasteczka)<\/strong> &#8211; dane tekstowe gromadzone w formie plik\u00f3w zamieszczanych na Urz\u0105dzeniu U\u017cytkownika<\/li>\n<\/ul>\n<h6 style=\"text-align: center;\">\u00a7 2 Rodzaje Cookies<\/h6>\n<ul>\n<li><strong>Cookies wewn\u0119trzne<\/strong> &#8211; pliki zamieszczane i odczytywane z Urz\u0105dzenia U\u017cytkownika przes system teleinformatyczny Serwisu<\/li>\n<li><strong>Cookies zewn\u0119trzne<\/strong> &#8211; pliki zamieszczane i odczytywane z Urz\u0105dzenia U\u017cytkownika przez systemy teleinformatyczne Serwis\u00f3w zewn\u0119trznych<\/li>\n<li><strong>Cookies sesyjne<\/strong> &#8211; pliki zamieszczane i odczytywane z Urz\u0105dzenia U\u017cytkownika przez Serwis <span id=\"sz1\" style=\"display: none;\">lub Serwisy zewn\u0119trzne<\/span> podczas jednej sesji danego Urz\u0105dzenia. Po zako\u0144czeniu sesji pliki s\u0105 usuwane z Urz\u0105dzenia U\u017cytkownika.<\/li>\n<li><strong>Cookies trwa\u0142e<\/strong> &#8211; pliki zamieszczane i odczytywane z Urz\u0105dzenia U\u017cytkownika przez Serwis <span id=\"sz2\" style=\"display: none;\">lub Serwisy zewn\u0119trzne<\/span> do momentu ich r\u0119cznego usuni\u0119cia. Pliki nie s\u0105 usuwane automatycznie po zako\u0144czeniu sesji Urz\u0105dzenia chyba \u017ce konfiguracja Urz\u0105dzenia U\u017cytkownika jest ustawiona na tryb usuwanie plik\u00f3w Cookie po zako\u0144czeniu sesji Urz\u0105dzenia.<\/li>\n<\/ul>\n<h6 style=\"text-align: center;\">\u00a7 3 Bezpiecze\u0144stwo<\/h6>\n<ul>\n<li><strong>Mechanizmy sk\u0142adowania i odczytu<\/strong> &#8211; Mechanizmy sk\u0142adowania i odczytu Cookies nie pozwalaj\u0105 na pobierania jakichkolwiek danych osobowych ani \u017cadnych informacji poufnych z Urz\u0105dzenia U\u017cytkownika. Przeniesienie na Urz\u0105dzenie U\u017cytkownika wirus\u00f3w, koni troja\u0144skich oraz innych robak\u00f3w jest praktynie niemo\u017cliwe.<\/li>\n<li><strong>Cookie wewn\u0119trzne<\/strong> &#8211; zastosowane przez Administratora Cookie wewn\u0119trzne s\u0105 bezpieczne dla Urz\u0105dze\u0144 U\u017cytkownik\u00f3w<\/li>\n<li><strong>Cookie zewn\u0119trzne<\/strong> &#8211; za bezpiecze\u0144stwo plik\u00f3w Cookie pochodz\u0105cych od partner\u00f3w Serwisu Administrator nie ponosi odpowiedzialno\u015bci. Lista partner\u00f3w zamieszczona jest w dalszej cz\u0119\u015bci Polityki Cookie.<\/li>\n<\/ul>\n<h6 style=\"text-align: center;\">\u00a7 4 Cele do kt\u00f3rych wykorzystywane s\u0105 pliki Cookie<\/h6>\n<ul id=\"cele\">\n<li><strong><span class=\"colored\">Dane statystyczne<\/span><\/strong> &#8211; Administrator <span id=\"sz4\" style=\"display: inline;\">oraz Serwisy zewn\u0119trzne<\/span> wykorzystuje pliki Cookie do zbirania i przetwarzania danych statystycznych takich jak np. statystyki odwiedzin, statystyki Urz\u0105dze\u0144 U\u017cytkownik\u00f3w czy statystyki zachowa\u0144 u\u017cytkownik\u00f3w. Dane te zbierane s\u0105 w celu analizy i ulepszania Serwisu.<\/li>\n<\/ul>\n<h6 style=\"text-align: center;\">\u00a7 5 Serwisy zewn\u0119trzne<\/h6>\n<p id=\"zewinfo\"><span class=\"colored\">Administrator nie wsp\u00f3\u0142pracuje z serwisami zewn\u0119trznymi i Serwis nie umieszcza ani nie korzysta z \u017cadnych plik\u00f3w zewn\u0119trznych plik\u00f3w Cookie.<\/span><\/p>\n<ul id=\"zewnetrzne\"><\/ul>\n<h6 style=\"text-align: center;\">\u00a7 6 Mo\u017cliwo\u015bci okre\u015blania warunk\u00f3w przechowywania i uzyskiwania dost\u0119pu na Urz\u0105dzeniach U\u017cytkownika przez Serwis<span id=\"sz6\" style=\"display: none;\"> i Serwisy zewn\u0119trzne<\/span><\/h6>\n<ul>\n<li>U\u017cytkownik mo\u017ce w dowolnym momencie, samodzielnie zmieni\u0107 ustawienia dotycz\u0105ce zapisywania, usuwania oraz dost\u0119pu do danych zapisanych plik\u00f3w Cookies<\/li>\n<li>Informacje o sposobie wy\u0142\u0105czenia plik\u00f3w Cookie w najpopularniejszych przegl\u0105darkach komputerowych i urz\u0105dze\u0144 mobilnych dost\u0119pna s\u0105 na stronie: <a href=\"http:\/\/jakwylaczyccookie.pl\">jak wy\u0142\u0105czy\u0107 cookie<\/a>.<\/li>\n<li>U\u017cytkownik mo\u017ce w dowolnym momencie usun\u0105\u0107 wszelkie zapisane do tej pory pliki Cookie korzystaj\u0105c z narz\u0119dzi Urz\u0105dzenia U\u017cytkownika za po\u015brednictwem kt\u00f3rego U\u017cytkowanik korzysta z us\u0142ug Serwisu.<\/li>\n<\/ul>\n<h6 style=\"text-align: center;\">\u00a7 7 Wymagania Serwisu<\/h6>\n<ul>\n<li>Ograniczenie zapisu i dost\u0119pu do plik\u00f3w Cookie na Urz\u0105dzeniu U\u017cytkownika mo\u017ce spowodowa\u0107 nieprawid\u0142owe dzia\u0142anie niekt\u00f3rych funkcji Serwisu.<\/li>\n<li>Administrator nie ponosi \u017cadnej odpowiedzialno\u015bci za nieprawid\u0142owo dzia\u0142aj\u0105ce funkcje Serwisu w przypadku gdy U\u017cytkownik ograniczy w jakikolwiek spos\u00f3b mo\u017cliwo\u015b\u0107 zapisywania i odczytu plik\u00f3w Cookie.<\/li>\n<\/ul>\n<h6 style=\"text-align: center;\">\u00a7 8 Zmiany w Polityce Cookie<\/h6>\n<ul>\n<li>Administrator zastrzega sobie prawo do dowolnej zmiany niniejszej Polityki Cookie bez konieczno\u015bci informowania o tym u\u017cytkownik\u00f3w.<\/li>\n<li>Wprowadzone zmiany w Polityce Cookie zawsze b\u0119d\u0105 publikowane na tej stronie.<\/li>\n<li>Wprowadzone zmiany wchodz\u0105 w \u017cycie w dniu publikacji Polityki Cookie.<\/li>\n<\/ul>\n","protected":false},"excerpt":{"rendered":"<p>Polityka Cookies Poni\u017csza Polityka Cookies okre\u015bla zasady zapisywania i uzyskiwania dost\u0119pu do danych na Urz\u0105dzeniach U\u017cytkownik\u00f3w korzystaj\u0105cych z Serwisu do<\/p>\n","protected":false},"author":3,"featured_media":0,"parent":0,"menu_order":0,"comment_status":"closed","ping_status":"closed","template":"","meta":{"colormag_page_container_layout":"default_layout","colormag_page_sidebar_layout":"default_layout","footnotes":""},"class_list":["post-119","page","type-page","status-publish","hentry"],"yoast_head":"<!-- This site is optimized with the Yoast SEO plugin v27.2 - https:\/\/yoast.com\/product\/yoast-seo-wordpress\/ -->\n<title>Polityka prywatno\u015bci (Cookies) - Zesp\u00f3\u0142 Szk\u00f3\u0142 Mechaniczno-Samochodowych w Zabrzu<\/title>\n<meta name=\"robots\" content=\"index, follow, max-snippet:-1, max-image-preview:large, max-video-preview:-1\" \/>\n<link rel=\"canonical\" href=\"https:\/\/zsms.zabrze.pl\/?page_id=119\" \/>\n<meta property=\"og:locale\" content=\"pl_PL\" \/>\n<meta property=\"og:type\" content=\"article\" \/>\n<meta property=\"og:title\" content=\"Polityka prywatno\u015bci (Cookies) - Zesp\u00f3\u0142 Szk\u00f3\u0142 Mechaniczno-Samochodowych w Zabrzu\" \/>\n<meta property=\"og:description\" content=\"Polityka Cookies Poni\u017csza Polityka Cookies okre\u015bla zasady zapisywania i uzyskiwania dost\u0119pu do danych na Urz\u0105dzeniach U\u017cytkownik\u00f3w korzystaj\u0105cych z Serwisu do\" \/>\n<meta property=\"og:url\" content=\"https:\/\/zsms.zabrze.pl\/?page_id=119\" \/>\n<meta property=\"og:site_name\" content=\"Zesp\u00f3\u0142 Szk\u00f3\u0142 Mechaniczno-Samochodowych w Zabrzu\" \/>\n<meta property=\"article:publisher\" content=\"https:\/\/www.facebook.com\/zsmszabrze\/\" \/>\n<meta property=\"article:modified_time\" content=\"2020-09-15T12:16:48+00:00\" \/>\n<meta name=\"twitter:card\" content=\"summary_large_image\" \/>\n<meta name=\"twitter:label1\" content=\"Szacowany czas czytania\" \/>\n\t<meta name=\"twitter:data1\" content=\"3 minuty\" \/>\n<!-- \/ Yoast SEO plugin. -->","yoast_head_json":{"title":"Polityka prywatno\u015bci (Cookies) - Zesp\u00f3\u0142 Szk\u00f3\u0142 Mechaniczno-Samochodowych w Zabrzu","robots":{"index":"index","follow":"follow","max-snippet":"max-snippet:-1","max-image-preview":"max-image-preview:large","max-video-preview":"max-video-preview:-1"},"canonical":"https:\/\/zsms.zabrze.pl\/?page_id=119","og_locale":"pl_PL","og_type":"article","og_title":"Polityka prywatno\u015bci (Cookies) - Zesp\u00f3\u0142 Szk\u00f3\u0142 Mechaniczno-Samochodowych w Zabrzu","og_description":"Polityka Cookies Poni\u017csza Polityka Cookies okre\u015bla zasady zapisywania i uzyskiwania dost\u0119pu do danych na Urz\u0105dzeniach U\u017cytkownik\u00f3w korzystaj\u0105cych z Serwisu do","og_url":"https:\/\/zsms.zabrze.pl\/?page_id=119","og_site_name":"Zesp\u00f3\u0142 Szk\u00f3\u0142 Mechaniczno-Samochodowych w Zabrzu","article_publisher":"https:\/\/www.facebook.com\/zsmszabrze\/","article_modified_time":"2020-09-15T12:16:48+00:00","twitter_card":"summary_large_image","twitter_misc":{"Szacowany czas czytania":"3 minuty"},"schema":{"@context":"https:\/\/schema.org","@graph":[{"@type":"WebPage","@id":"https:\/\/zsms.zabrze.pl\/?page_id=119","url":"https:\/\/zsms.zabrze.pl\/?page_id=119","name":"Polityka prywatno\u015bci (Cookies) - Zesp\u00f3\u0142 Szk\u00f3\u0142 Mechaniczno-Samochodowych w Zabrzu","isPartOf":{"@id":"https:\/\/zsms.zabrze.pl\/#website"},"datePublished":"2020-09-15T12:16:47+00:00","dateModified":"2020-09-15T12:16:48+00:00","breadcrumb":{"@id":"https:\/\/zsms.zabrze.pl\/?page_id=119#breadcrumb"},"inLanguage":"pl-PL","potentialAction":[{"@type":"ReadAction","target":["https:\/\/zsms.zabrze.pl\/?page_id=119"]}]},{"@type":"BreadcrumbList","@id":"https:\/\/zsms.zabrze.pl\/?page_id=119#breadcrumb","itemListElement":[{"@type":"ListItem","position":1,"name":"Strona g\u0142\u00f3wna","item":"https:\/\/zsms.zabrze.pl\/"},{"@type":"ListItem","position":2,"name":"Polityka prywatno\u015bci (Cookies)"}]},{"@type":"WebSite","@id":"https:\/\/zsms.zabrze.pl\/#website","url":"https:\/\/zsms.zabrze.pl\/","name":"Zesp\u00f3\u0142 Szk\u00f3\u0142 Mechaniczno-Samochodowych w Zabrzu","description":"","publisher":{"@id":"https:\/\/zsms.zabrze.pl\/#organization"},"potentialAction":[{"@type":"SearchAction","target":{"@type":"EntryPoint","urlTemplate":"https:\/\/zsms.zabrze.pl\/?s={search_term_string}"},"query-input":{"@type":"PropertyValueSpecification","valueRequired":true,"valueName":"search_term_string"}}],"inLanguage":"pl-PL"},{"@type":"Organization","@id":"https:\/\/zsms.zabrze.pl\/#organization","name":"Zesp\u00f3\u0142 Szk\u00f3\u0142 Mechaniczno-Samochodowych w Zabrzu","url":"https:\/\/zsms.zabrze.pl\/","logo":{"@type":"ImageObject","inLanguage":"pl-PL","@id":"https:\/\/zsms.zabrze.pl\/#\/schema\/logo\/image\/","url":"https:\/\/zsms.zabrze.pl\/wp-content\/uploads\/2020\/10\/logo600.jpg","contentUrl":"https:\/\/zsms.zabrze.pl\/wp-content\/uploads\/2020\/10\/logo600.jpg","width":600,"height":600,"caption":"Zesp\u00f3\u0142 Szk\u00f3\u0142 Mechaniczno-Samochodowych w Zabrzu"},"image":{"@id":"https:\/\/zsms.zabrze.pl\/#\/schema\/logo\/image\/"},"sameAs":["https:\/\/www.facebook.com\/zsmszabrze\/"]}]}},"_links":{"self":[{"href":"https:\/\/zsms.zabrze.pl\/index.php?rest_route=\/wp\/v2\/pages\/119","targetHints":{"allow":["GET"]}}],"collection":[{"href":"https:\/\/zsms.zabrze.pl\/index.php?rest_route=\/wp\/v2\/pages"}],"about":[{"href":"https:\/\/zsms.zabrze.pl\/index.php?rest_route=\/wp\/v2\/types\/page"}],"author":[{"embeddable":true,"href":"https:\/\/zsms.zabrze.pl\/index.php?rest_route=\/wp\/v2\/users\/3"}],"replies":[{"embeddable":true,"href":"https:\/\/zsms.zabrze.pl\/index.php?rest_route=%2Fwp%2Fv2%2Fcomments&post=119"}],"version-history":[{"count":1,"href":"https:\/\/zsms.zabrze.pl\/index.php?rest_route=\/wp\/v2\/pages\/119\/revisions"}],"predecessor-version":[{"id":120,"href":"https:\/\/zsms.zabrze.pl\/index.php?rest_route=\/wp\/v2\/pages\/119\/revisions\/120"}],"wp:attachment":[{"href":"https:\/\/zsms.zabrze.pl\/index.php?rest_route=%2Fwp%2Fv2%2Fmedia&parent=119"}],"curies":[{"name":"wp","href":"https:\/\/api.w.org\/{rel}","templated":true}]}}