{"id":229,"date":"2020-09-16T20:31:46","date_gmt":"2020-09-16T18:31:46","guid":{"rendered":"https:\/\/zsms.zabrze.pl\/?page_id=229"},"modified":"2026-01-27T19:07:47","modified_gmt":"2026-01-27T18:07:47","slug":"dokumenty","status":"publish","type":"page","link":"https:\/\/zsms.zabrze.pl\/?page_id=229","title":{"rendered":"Wa\u017cne dokumenty"},"content":{"rendered":"\n<p class=\"has-white-color has-text-color has-background has-link-color wp-elements-2e8ecd1b7e09d97db7815a19178322f8\" style=\"background-color:#235e88\"><a href=\"https:\/\/zsms.zabrze.pl\/wp-content\/uploads\/2024\/11\/Statut_Technikum_2024.pdf\" target=\"_blank\" rel=\"noreferrer noopener\"><strong>STATUT TECHNIKUM NR 2<\/strong><\/a><\/p>\n\n\n\n<p class=\"has-white-color has-text-color has-background has-link-color wp-elements-9a2f3cd25e1fa5db3a87b22547cd2fbf\" style=\"background-color:#235e88\"><strong><a href=\"https:\/\/zsms.zabrze.pl\/wp-content\/uploads\/2024\/11\/Statut_Brazowa__2024.pdf\" target=\"_blank\" rel=\"noreferrer noopener\">STATUT SZKO\u0141Y BRAN\u017bOWEJ I STOPNIA NR 8<\/a><\/strong><\/p>\n\n\n\n<p class=\"has-white-color has-text-color has-background has-link-color wp-elements-fd8d7d57f85f8694e4f8e6b06083d968\" style=\"background-color:#235e88\"><strong><a href=\"https:\/\/zsms.zabrze.pl\/wp-content\/uploads\/2024\/03\/Standardy-Ochrony-Maloletnich.pdf\" target=\"_blank\" rel=\"noreferrer noopener\">STANDARDY OCHRONY MA\u0141OLETNICH<\/a><\/strong><\/p>\n\n\n\n<p class=\"has-white-color has-text-color has-background has-link-color wp-elements-bbb85961f8a4edcecf7d1a3850d99ceb\" style=\"background-color:#235e88\"><strong><a href=\"https:\/\/zsms.zabrze.pl\/wp-content\/uploads\/2022\/09\/Program-wychowawczo-profilaktyczny-22_23-technikum-nr-2.pdf\" target=\"_blank\" rel=\"noreferrer noopener\">PROGRAM WYCHOWAWCZO-PROFILAKTYCZNY &#8211; TECHNIKUM NR 2<\/a><\/strong><\/p>\n\n\n\n<p class=\"has-white-color has-text-color has-background has-link-color wp-elements-e04583bb724b59bb4cd4fbedd4a2d799\" style=\"background-color:#235e88\"><strong><a href=\"https:\/\/zsms.zabrze.pl\/wp-content\/uploads\/2022\/09\/Program-wychowawczo-profilaktyczny-22_23-Branzowa-Nr-8.pdf\" target=\"_blank\" rel=\"noreferrer noopener\">PROGRAM WYCHOWAWCZO PROFILAKTYCZNY &#8211; SZKO\u0141A BRAN\u017bOWA NR 8<\/a><\/strong><\/p>\n\n\n\n<p class=\"has-white-color has-text-color has-background has-link-color wp-elements-d66f3597777dcf25d51908cd2e3b2e46\" style=\"background-color:#235e88\"><strong><a href=\"https:\/\/zsms.zabrze.pl\/?page_id=3129\" target=\"_blank\" rel=\"noreferrer noopener\">WYKAZY PODR\u0118CZNIK\u00d3W<\/a><\/strong><\/p>\n\n\n\n<p class=\"has-white-color has-text-color has-background has-link-color wp-elements-f4a61634287500c8a562a6751138288e\" style=\"background-color:#235e88\"><strong><a href=\"https:\/\/zsms.zabrze.pl\/wp-content\/uploads\/2021\/04\/regulamin_orlik.pdf\" target=\"_blank\" rel=\"noreferrer noopener\">REGULAMIN KORZYSTANIA Z KOMPLEKSU BOISK SPORTOWYCH ORLIK<\/a><\/strong><\/p>\n\n\n\n<p class=\"has-white-color has-text-color has-background has-link-color wp-elements-53a28a979b5782d1182690499ed31d49\" style=\"background-color:#235e88\"><strong><a href=\"https:\/\/zsms.zabrze.pl\/wp-content\/uploads\/2020\/10\/Wniosek-o-udostepnienie-danych_wzor.pdf\" target=\"_blank\" rel=\"noreferrer noopener\">WNIOSEK O UDOST\u0118PNIENIE DANYCH<\/a><\/strong><\/p>\n\n\n\n<p class=\"has-white-color has-text-color has-background has-link-color wp-elements-0b3411e176405ee549ea58cc6f08e7af\" style=\"background-color:#235e88\"><strong><a href=\"https:\/\/zsms.zabrze.pl\/wp-content\/uploads\/2024\/11\/zsms-regulamin-zgloszen-wew.pdf\" target=\"_blank\" rel=\"noreferrer noopener\">REGULAMIN ZG\u0141OSZE\u0143 WEWN\u0118TRZNYCH<\/a><\/strong><\/p>\n\n\n\n<p class=\"has-white-color has-text-color has-background has-link-color wp-elements-f0759dfabc8b30beca0d5a6496429021\" style=\"background-color:#235e88\"><strong><a href=\"https:\/\/zsms.zabrze.pl\/wp-content\/uploads\/2025\/01\/Informacja-dot-przetwarzania-danych-osobowych-w-zakresie-eDoreczen.docx\" target=\"_blank\" rel=\"noreferrer noopener\">INFORMACJA DOTYCZ\u0104CZA PRZETWARZANIA DANYCH OSOBOWYCH W ZAKRESIE E-DOR\u0118CZE\u0143<\/a><\/strong><\/p>\n\n\n\n<p class=\"has-white-color has-text-color has-background has-link-color wp-elements-c0b4c098852733fdf1d9e1d8ee262d42\" style=\"background-color:#235e88\"><a href=\"https:\/\/zsms.zabrze.pl\/wp-content\/uploads\/2026\/01\/Regulamin_granada.pdf\"><strong>Mo\u017cliwo\u015bci zawodowe w Unii Europejskiej \u2013 technik pojazd\u00f3w samochodowych<\/strong> -Regulamin<\/a><\/p>\n","protected":false},"excerpt":{"rendered":"<p>STATUT TECHNIKUM NR 2 STATUT SZKO\u0141Y BRAN\u017bOWEJ I STOPNIA NR 8 STANDARDY OCHRONY MA\u0141OLETNICH PROGRAM WYCHOWAWCZO-PROFILAKTYCZNY &#8211; TECHNIKUM NR 2<\/p>\n","protected":false},"author":3,"featured_media":0,"parent":0,"menu_order":0,"comment_status":"closed","ping_status":"closed","template":"","meta":{"colormag_page_container_layout":"default_layout","colormag_page_sidebar_layout":"default_layout","footnotes":""},"class_list":["post-229","page","type-page","status-publish","hentry"],"yoast_head":"<!-- This site is optimized with the Yoast SEO plugin v27.2 - https:\/\/yoast.com\/product\/yoast-seo-wordpress\/ -->\n<title>Wa\u017cne dokumenty - Zesp\u00f3\u0142 Szk\u00f3\u0142 Mechaniczno-Samochodowych w Zabrzu<\/title>\n<meta name=\"robots\" content=\"index, follow, max-snippet:-1, max-image-preview:large, max-video-preview:-1\" \/>\n<link rel=\"canonical\" href=\"https:\/\/zsms.zabrze.pl\/?page_id=229\" \/>\n<meta property=\"og:locale\" content=\"pl_PL\" \/>\n<meta property=\"og:type\" content=\"article\" \/>\n<meta property=\"og:title\" content=\"Wa\u017cne dokumenty - Zesp\u00f3\u0142 Szk\u00f3\u0142 Mechaniczno-Samochodowych w Zabrzu\" \/>\n<meta property=\"og:description\" content=\"STATUT TECHNIKUM NR 2 STATUT SZKO\u0141Y BRAN\u017bOWEJ I STOPNIA NR 8 STANDARDY OCHRONY MA\u0141OLETNICH PROGRAM WYCHOWAWCZO-PROFILAKTYCZNY &#8211; TECHNIKUM NR 2\" \/>\n<meta property=\"og:url\" content=\"https:\/\/zsms.zabrze.pl\/?page_id=229\" \/>\n<meta property=\"og:site_name\" content=\"Zesp\u00f3\u0142 Szk\u00f3\u0142 Mechaniczno-Samochodowych w Zabrzu\" \/>\n<meta property=\"article:publisher\" content=\"https:\/\/www.facebook.com\/zsmszabrze\/\" \/>\n<meta property=\"article:modified_time\" content=\"2026-01-27T18:07:47+00:00\" \/>\n<meta name=\"twitter:card\" content=\"summary_large_image\" \/>\n<meta name=\"twitter:label1\" content=\"Szacowany czas czytania\" \/>\n\t<meta name=\"twitter:data1\" content=\"1 minuta\" \/>\n<!-- \/ Yoast SEO plugin. -->","yoast_head_json":{"title":"Wa\u017cne dokumenty - Zesp\u00f3\u0142 Szk\u00f3\u0142 Mechaniczno-Samochodowych w Zabrzu","robots":{"index":"index","follow":"follow","max-snippet":"max-snippet:-1","max-image-preview":"max-image-preview:large","max-video-preview":"max-video-preview:-1"},"canonical":"https:\/\/zsms.zabrze.pl\/?page_id=229","og_locale":"pl_PL","og_type":"article","og_title":"Wa\u017cne dokumenty - Zesp\u00f3\u0142 Szk\u00f3\u0142 Mechaniczno-Samochodowych w Zabrzu","og_description":"STATUT TECHNIKUM NR 2 STATUT SZKO\u0141Y BRAN\u017bOWEJ I STOPNIA NR 8 STANDARDY OCHRONY MA\u0141OLETNICH PROGRAM WYCHOWAWCZO-PROFILAKTYCZNY &#8211; TECHNIKUM NR 2","og_url":"https:\/\/zsms.zabrze.pl\/?page_id=229","og_site_name":"Zesp\u00f3\u0142 Szk\u00f3\u0142 Mechaniczno-Samochodowych w Zabrzu","article_publisher":"https:\/\/www.facebook.com\/zsmszabrze\/","article_modified_time":"2026-01-27T18:07:47+00:00","twitter_card":"summary_large_image","twitter_misc":{"Szacowany czas czytania":"1 minuta"},"schema":{"@context":"https:\/\/schema.org","@graph":[{"@type":"WebPage","@id":"https:\/\/zsms.zabrze.pl\/?page_id=229","url":"https:\/\/zsms.zabrze.pl\/?page_id=229","name":"Wa\u017cne dokumenty - Zesp\u00f3\u0142 Szk\u00f3\u0142 Mechaniczno-Samochodowych w Zabrzu","isPartOf":{"@id":"https:\/\/zsms.zabrze.pl\/#website"},"datePublished":"2020-09-16T18:31:46+00:00","dateModified":"2026-01-27T18:07:47+00:00","breadcrumb":{"@id":"https:\/\/zsms.zabrze.pl\/?page_id=229#breadcrumb"},"inLanguage":"pl-PL","potentialAction":[{"@type":"ReadAction","target":["https:\/\/zsms.zabrze.pl\/?page_id=229"]}]},{"@type":"BreadcrumbList","@id":"https:\/\/zsms.zabrze.pl\/?page_id=229#breadcrumb","itemListElement":[{"@type":"ListItem","position":1,"name":"Strona g\u0142\u00f3wna","item":"https:\/\/zsms.zabrze.pl\/"},{"@type":"ListItem","position":2,"name":"Wa\u017cne dokumenty"}]},{"@type":"WebSite","@id":"https:\/\/zsms.zabrze.pl\/#website","url":"https:\/\/zsms.zabrze.pl\/","name":"Zesp\u00f3\u0142 Szk\u00f3\u0142 Mechaniczno-Samochodowych w Zabrzu","description":"","publisher":{"@id":"https:\/\/zsms.zabrze.pl\/#organization"},"potentialAction":[{"@type":"SearchAction","target":{"@type":"EntryPoint","urlTemplate":"https:\/\/zsms.zabrze.pl\/?s={search_term_string}"},"query-input":{"@type":"PropertyValueSpecification","valueRequired":true,"valueName":"search_term_string"}}],"inLanguage":"pl-PL"},{"@type":"Organization","@id":"https:\/\/zsms.zabrze.pl\/#organization","name":"Zesp\u00f3\u0142 Szk\u00f3\u0142 Mechaniczno-Samochodowych w Zabrzu","url":"https:\/\/zsms.zabrze.pl\/","logo":{"@type":"ImageObject","inLanguage":"pl-PL","@id":"https:\/\/zsms.zabrze.pl\/#\/schema\/logo\/image\/","url":"https:\/\/zsms.zabrze.pl\/wp-content\/uploads\/2020\/10\/logo600.jpg","contentUrl":"https:\/\/zsms.zabrze.pl\/wp-content\/uploads\/2020\/10\/logo600.jpg","width":600,"height":600,"caption":"Zesp\u00f3\u0142 Szk\u00f3\u0142 Mechaniczno-Samochodowych w Zabrzu"},"image":{"@id":"https:\/\/zsms.zabrze.pl\/#\/schema\/logo\/image\/"},"sameAs":["https:\/\/www.facebook.com\/zsmszabrze\/"]}]}},"_links":{"self":[{"href":"https:\/\/zsms.zabrze.pl\/index.php?rest_route=\/wp\/v2\/pages\/229","targetHints":{"allow":["GET"]}}],"collection":[{"href":"https:\/\/zsms.zabrze.pl\/index.php?rest_route=\/wp\/v2\/pages"}],"about":[{"href":"https:\/\/zsms.zabrze.pl\/index.php?rest_route=\/wp\/v2\/types\/page"}],"author":[{"embeddable":true,"href":"https:\/\/zsms.zabrze.pl\/index.php?rest_route=\/wp\/v2\/users\/3"}],"replies":[{"embeddable":true,"href":"https:\/\/zsms.zabrze.pl\/index.php?rest_route=%2Fwp%2Fv2%2Fcomments&post=229"}],"version-history":[{"count":90,"href":"https:\/\/zsms.zabrze.pl\/index.php?rest_route=\/wp\/v2\/pages\/229\/revisions"}],"predecessor-version":[{"id":5740,"href":"https:\/\/zsms.zabrze.pl\/index.php?rest_route=\/wp\/v2\/pages\/229\/revisions\/5740"}],"wp:attachment":[{"href":"https:\/\/zsms.zabrze.pl\/index.php?rest_route=%2Fwp%2Fv2%2Fmedia&parent=229"}],"curies":[{"name":"wp","href":"https:\/\/api.w.org\/{rel}","templated":true}]}}