{"id":258,"date":"2020-09-17T09:16:20","date_gmt":"2020-09-17T07:16:20","guid":{"rendered":"https:\/\/zsms.zabrze.pl\/?page_id=258"},"modified":"2021-11-02T20:48:03","modified_gmt":"2021-11-02T19:48:03","slug":"biblioteka-szkolna","status":"publish","type":"page","link":"https:\/\/zsms.zabrze.pl\/?page_id=258","title":{"rendered":"Biblioteka szkolna"},"content":{"rendered":"\n<div class=\"wp-block-image\"><figure class=\"aligncenter size-large is-resized\"><img loading=\"lazy\" decoding=\"async\" src=\"https:\/\/zsms.zabrze.pl\/wp-content\/uploads\/2020\/09\/biblioteka-862x1024.jpg\" alt=\"\" class=\"wp-image-1015\" width=\"416\" height=\"494\" srcset=\"https:\/\/zsms.zabrze.pl\/wp-content\/uploads\/2020\/09\/biblioteka-862x1024.jpg 862w, https:\/\/zsms.zabrze.pl\/wp-content\/uploads\/2020\/09\/biblioteka-252x300.jpg 252w, https:\/\/zsms.zabrze.pl\/wp-content\/uploads\/2020\/09\/biblioteka-768x913.jpg 768w, https:\/\/zsms.zabrze.pl\/wp-content\/uploads\/2020\/09\/biblioteka-1292x1536.jpg 1292w, https:\/\/zsms.zabrze.pl\/wp-content\/uploads\/2020\/09\/biblioteka.jpg 1723w\" sizes=\"auto, (max-width: 416px) 100vw, 416px\" \/><\/figure><\/div>\n\n\n\n<p><strong>BIBLIOTEKA CZYNNA:<\/strong><\/p>\n\n\n\n<figure class=\"wp-block-table is-style-regular\"><table><tbody><tr><td>Poniedzia\u0142ek<\/td><td>8:00 &#8211; 14:00<\/td><\/tr><tr><td>Wtorek<\/td><td>8:00 &#8211; 15:00<\/td><\/tr><tr><td>\u015aroda<\/td><td>8:00 &#8211; 14:00<\/td><\/tr><tr><td>Czwartek <\/td><td>8:00 &#8211; 14:00<\/td><\/tr><tr><td>Pi\u0105tek<\/td><td>8:00 &#8211; 13:45<\/td><\/tr><\/tbody><\/table><\/figure>\n\n\n\n<p class=\"has-white-color has-text-color has-background\" style=\"background-color:#09b978\"><strong>Nauczyciel bibliotekarz &#8211; mgr Ewa Kamyk<\/strong><\/p>\n\n\n<div class=\"su-custom-gallery su-custom-gallery-align-left su-custom-gallery-title-never su-lightbox-gallery\"><div class=\"su-custom-gallery-slide\" style=\"width:250px;height:350px\"><a href=\"https:\/\/zsms.zabrze.pl\/wp-content\/uploads\/2020\/09\/bibl1.jpg\" title=\"bibl1\"><img loading=\"lazy\" decoding=\"async\" src=\"https:\/\/zsms.zabrze.pl\/wp-content\/uploads\/2020\/09\/bibl1-250x350.jpg\" alt=\"bibl1\" width=\"250\" height=\"350\" \/><span class=\"su-custom-gallery-title\">bibl1<\/span><\/a><\/div><div class=\"su-custom-gallery-slide\" style=\"width:250px;height:350px\"><a href=\"https:\/\/zsms.zabrze.pl\/wp-content\/uploads\/2020\/09\/bibl2.jpg\" title=\"bibl2\"><img loading=\"lazy\" decoding=\"async\" src=\"https:\/\/zsms.zabrze.pl\/wp-content\/uploads\/2020\/09\/bibl2-250x350.jpg\" alt=\"bibl2\" width=\"250\" height=\"350\" \/><span class=\"su-custom-gallery-title\">bibl2<\/span><\/a><\/div><div class=\"su-custom-gallery-slide\" style=\"width:250px;height:350px\"><a href=\"https:\/\/zsms.zabrze.pl\/wp-content\/uploads\/2020\/09\/bibl3.jpg\" title=\"bibl3\"><img loading=\"lazy\" decoding=\"async\" src=\"https:\/\/zsms.zabrze.pl\/wp-content\/uploads\/2020\/09\/bibl3-250x350.jpg\" alt=\"bibl3\" width=\"250\" height=\"350\" \/><span class=\"su-custom-gallery-title\">bibl3<\/span><\/a><\/div><div class=\"su-clear\"><\/div><\/div>\n\n\n\n<p><\/p>\n\n\n\n<p class=\"has-text-align-center has-white-color has-text-color has-background\" style=\"background-color:#396d8a\"><strong>W bibliotece dost\u0119pne s\u0105 wszystkie lektury szkolne oraz podr\u0119czniki i poradniki dla zawodu mechanik i fryzjer<\/strong><\/p>\n\n\n<ul class=\"wp-block-latest-posts__list is-grid columns-3 has-dates wp-block-latest-posts\"><li><div class=\"wp-block-latest-posts__featured-image aligncenter\"><img loading=\"lazy\" decoding=\"async\" width=\"800\" height=\"423\" src=\"https:\/\/zsms.zabrze.pl\/wp-content\/uploads\/2025\/10\/biblioteka_2025_fp.jpg\" class=\"attachment-large size-large wp-post-image\" alt=\"\" style=\"\" srcset=\"https:\/\/zsms.zabrze.pl\/wp-content\/uploads\/2025\/10\/biblioteka_2025_fp.jpg 800w, https:\/\/zsms.zabrze.pl\/wp-content\/uploads\/2025\/10\/biblioteka_2025_fp-300x159.jpg 300w, https:\/\/zsms.zabrze.pl\/wp-content\/uploads\/2025\/10\/biblioteka_2025_fp-768x406.jpg 768w, https:\/\/zsms.zabrze.pl\/wp-content\/uploads\/2025\/10\/biblioteka_2025_fp-390x205.jpg 390w\" sizes=\"auto, (max-width: 800px) 100vw, 800px\" \/><\/div><a class=\"wp-block-latest-posts__post-title\" href=\"https:\/\/zsms.zabrze.pl\/?p=5673\">Narodowy Program Rozwoju Czytelnictwa 2.0<\/a><time datetime=\"2025-10-25T12:08:31+02:00\" class=\"wp-block-latest-posts__post-date\">25 pa\u017adziernika 2025<\/time><div class=\"wp-block-latest-posts__post-excerpt\">Z funduszy Narodowego Programu Rozwoju Czytelnictwa 2.0 na lata 2021-2025 dla Technikum Nr2 w ZSMS zakupiono ksi\u0105\u017cki&#8230;<\/div><\/li>\n<li><div class=\"wp-block-latest-posts__featured-image aligncenter\"><img loading=\"lazy\" decoding=\"async\" width=\"800\" height=\"445\" src=\"https:\/\/zsms.zabrze.pl\/wp-content\/uploads\/2023\/04\/biblioteka_fp.jpg\" class=\"attachment-large size-large wp-post-image\" alt=\"\" style=\"\" srcset=\"https:\/\/zsms.zabrze.pl\/wp-content\/uploads\/2023\/04\/biblioteka_fp.jpg 800w, https:\/\/zsms.zabrze.pl\/wp-content\/uploads\/2023\/04\/biblioteka_fp-300x167.jpg 300w, https:\/\/zsms.zabrze.pl\/wp-content\/uploads\/2023\/04\/biblioteka_fp-768x427.jpg 768w\" sizes=\"auto, (max-width: 800px) 100vw, 800px\" \/><\/div><a class=\"wp-block-latest-posts__post-title\" href=\"https:\/\/zsms.zabrze.pl\/?p=3858\"><strong>Narodowy Program Rozwoju Czytelnictwa 2.0 na lata 2021-2025<\/strong><\/a><time datetime=\"2023-04-13T20:40:13+02:00\" class=\"wp-block-latest-posts__post-date\">13 kwietnia 2023<\/time><div class=\"wp-block-latest-posts__post-excerpt\">Technikum Nr2\u00a0w Zespole Szk\u00f3\u0142 Mechaniczno-Samochodowych w Zabrzu zosta\u0142o zakwalifikowane i<\/div><\/li>\n<li><div class=\"wp-block-latest-posts__featured-image aligncenter\"><img loading=\"lazy\" decoding=\"async\" width=\"800\" height=\"445\" src=\"https:\/\/zsms.zabrze.pl\/wp-content\/uploads\/2021\/10\/konk_bibl_fp.jpg\" class=\"attachment-large size-large wp-post-image\" alt=\"\" style=\"\" srcset=\"https:\/\/zsms.zabrze.pl\/wp-content\/uploads\/2021\/10\/konk_bibl_fp.jpg 800w, https:\/\/zsms.zabrze.pl\/wp-content\/uploads\/2021\/10\/konk_bibl_fp-300x167.jpg 300w, https:\/\/zsms.zabrze.pl\/wp-content\/uploads\/2021\/10\/konk_bibl_fp-768x427.jpg 768w\" sizes=\"auto, (max-width: 800px) 100vw, 800px\" \/><\/div><a class=\"wp-block-latest-posts__post-title\" href=\"https:\/\/zsms.zabrze.pl\/?p=2049\">Konkurs biblioteczny<\/a><time datetime=\"2021-10-11T19:59:02+02:00\" class=\"wp-block-latest-posts__post-date\">11 pa\u017adziernika 2021<\/time><div class=\"wp-block-latest-posts__post-excerpt\">KONKURS BIBLIOTECZNY \u201eBa\u015bnie i legendy z ca\u0142ego \u015bwiata\u201d W pa\u017adzierniku,<\/div><\/li>\n<\/ul>\n\n\n<p><\/p>\n","protected":false},"excerpt":{"rendered":"<p>BIBLIOTEKA CZYNNA: Poniedzia\u0142ek 8:00 &#8211; 14:00 Wtorek 8:00 &#8211; 15:00 \u015aroda 8:00 &#8211; 14:00 Czwartek 8:00 &#8211; 14:00 Pi\u0105tek 8:00<\/p>\n","protected":false},"author":3,"featured_media":1036,"parent":0,"menu_order":0,"comment_status":"closed","ping_status":"closed","template":"","meta":{"colormag_page_container_layout":"default_layout","colormag_page_sidebar_layout":"default_layout","footnotes":""},"class_list":["post-258","page","type-page","status-publish","has-post-thumbnail","hentry"],"yoast_head":"<!-- This site is optimized with the Yoast SEO plugin v27.2 - https:\/\/yoast.com\/product\/yoast-seo-wordpress\/ -->\n<title>Biblioteka szkolna - Zesp\u00f3\u0142 Szk\u00f3\u0142 Mechaniczno-Samochodowych w Zabrzu<\/title>\n<meta name=\"robots\" content=\"index, follow, max-snippet:-1, max-image-preview:large, max-video-preview:-1\" \/>\n<link rel=\"canonical\" href=\"https:\/\/zsms.zabrze.pl\/?page_id=258\" \/>\n<meta property=\"og:locale\" content=\"pl_PL\" \/>\n<meta property=\"og:type\" content=\"article\" \/>\n<meta property=\"og:title\" content=\"Biblioteka szkolna - Zesp\u00f3\u0142 Szk\u00f3\u0142 Mechaniczno-Samochodowych w Zabrzu\" \/>\n<meta property=\"og:description\" content=\"BIBLIOTEKA CZYNNA: Poniedzia\u0142ek 8:00 &#8211; 14:00 Wtorek 8:00 &#8211; 15:00 \u015aroda 8:00 &#8211; 14:00 Czwartek 8:00 &#8211; 14:00 Pi\u0105tek 8:00\" \/>\n<meta property=\"og:url\" content=\"https:\/\/zsms.zabrze.pl\/?page_id=258\" \/>\n<meta property=\"og:site_name\" content=\"Zesp\u00f3\u0142 Szk\u00f3\u0142 Mechaniczno-Samochodowych w Zabrzu\" \/>\n<meta property=\"article:publisher\" content=\"https:\/\/www.facebook.com\/zsmszabrze\/\" \/>\n<meta property=\"article:modified_time\" content=\"2021-11-02T19:48:03+00:00\" \/>\n<meta property=\"og:image\" content=\"https:\/\/zsms.zabrze.pl\/wp-content\/uploads\/2020\/09\/biblioteka_fp.jpg\" \/>\n\t<meta property=\"og:image:width\" content=\"800\" \/>\n\t<meta property=\"og:image:height\" content=\"445\" \/>\n\t<meta property=\"og:image:type\" content=\"image\/jpeg\" \/>\n<meta name=\"twitter:card\" content=\"summary_large_image\" \/>\n<meta name=\"twitter:label1\" content=\"Szacowany czas czytania\" \/>\n\t<meta name=\"twitter:data1\" content=\"1 minuta\" \/>\n<!-- \/ Yoast SEO plugin. -->","yoast_head_json":{"title":"Biblioteka szkolna - Zesp\u00f3\u0142 Szk\u00f3\u0142 Mechaniczno-Samochodowych w Zabrzu","robots":{"index":"index","follow":"follow","max-snippet":"max-snippet:-1","max-image-preview":"max-image-preview:large","max-video-preview":"max-video-preview:-1"},"canonical":"https:\/\/zsms.zabrze.pl\/?page_id=258","og_locale":"pl_PL","og_type":"article","og_title":"Biblioteka szkolna - Zesp\u00f3\u0142 Szk\u00f3\u0142 Mechaniczno-Samochodowych w Zabrzu","og_description":"BIBLIOTEKA CZYNNA: Poniedzia\u0142ek 8:00 &#8211; 14:00 Wtorek 8:00 &#8211; 15:00 \u015aroda 8:00 &#8211; 14:00 Czwartek 8:00 &#8211; 14:00 Pi\u0105tek 8:00","og_url":"https:\/\/zsms.zabrze.pl\/?page_id=258","og_site_name":"Zesp\u00f3\u0142 Szk\u00f3\u0142 Mechaniczno-Samochodowych w Zabrzu","article_publisher":"https:\/\/www.facebook.com\/zsmszabrze\/","article_modified_time":"2021-11-02T19:48:03+00:00","og_image":[{"width":800,"height":445,"url":"https:\/\/zsms.zabrze.pl\/wp-content\/uploads\/2020\/09\/biblioteka_fp.jpg","type":"image\/jpeg"}],"twitter_card":"summary_large_image","twitter_misc":{"Szacowany czas czytania":"1 minuta"},"schema":{"@context":"https:\/\/schema.org","@graph":[{"@type":"WebPage","@id":"https:\/\/zsms.zabrze.pl\/?page_id=258","url":"https:\/\/zsms.zabrze.pl\/?page_id=258","name":"Biblioteka szkolna - Zesp\u00f3\u0142 Szk\u00f3\u0142 Mechaniczno-Samochodowych w Zabrzu","isPartOf":{"@id":"https:\/\/zsms.zabrze.pl\/#website"},"primaryImageOfPage":{"@id":"https:\/\/zsms.zabrze.pl\/?page_id=258#primaryimage"},"image":{"@id":"https:\/\/zsms.zabrze.pl\/?page_id=258#primaryimage"},"thumbnailUrl":"https:\/\/zsms.zabrze.pl\/wp-content\/uploads\/2020\/09\/biblioteka_fp.jpg","datePublished":"2020-09-17T07:16:20+00:00","dateModified":"2021-11-02T19:48:03+00:00","breadcrumb":{"@id":"https:\/\/zsms.zabrze.pl\/?page_id=258#breadcrumb"},"inLanguage":"pl-PL","potentialAction":[{"@type":"ReadAction","target":["https:\/\/zsms.zabrze.pl\/?page_id=258"]}]},{"@type":"ImageObject","inLanguage":"pl-PL","@id":"https:\/\/zsms.zabrze.pl\/?page_id=258#primaryimage","url":"https:\/\/zsms.zabrze.pl\/wp-content\/uploads\/2020\/09\/biblioteka_fp.jpg","contentUrl":"https:\/\/zsms.zabrze.pl\/wp-content\/uploads\/2020\/09\/biblioteka_fp.jpg","width":800,"height":445},{"@type":"BreadcrumbList","@id":"https:\/\/zsms.zabrze.pl\/?page_id=258#breadcrumb","itemListElement":[{"@type":"ListItem","position":1,"name":"Strona g\u0142\u00f3wna","item":"https:\/\/zsms.zabrze.pl\/"},{"@type":"ListItem","position":2,"name":"Biblioteka szkolna"}]},{"@type":"WebSite","@id":"https:\/\/zsms.zabrze.pl\/#website","url":"https:\/\/zsms.zabrze.pl\/","name":"Zesp\u00f3\u0142 Szk\u00f3\u0142 Mechaniczno-Samochodowych w Zabrzu","description":"","publisher":{"@id":"https:\/\/zsms.zabrze.pl\/#organization"},"potentialAction":[{"@type":"SearchAction","target":{"@type":"EntryPoint","urlTemplate":"https:\/\/zsms.zabrze.pl\/?s={search_term_string}"},"query-input":{"@type":"PropertyValueSpecification","valueRequired":true,"valueName":"search_term_string"}}],"inLanguage":"pl-PL"},{"@type":"Organization","@id":"https:\/\/zsms.zabrze.pl\/#organization","name":"Zesp\u00f3\u0142 Szk\u00f3\u0142 Mechaniczno-Samochodowych w Zabrzu","url":"https:\/\/zsms.zabrze.pl\/","logo":{"@type":"ImageObject","inLanguage":"pl-PL","@id":"https:\/\/zsms.zabrze.pl\/#\/schema\/logo\/image\/","url":"https:\/\/zsms.zabrze.pl\/wp-content\/uploads\/2020\/10\/logo600.jpg","contentUrl":"https:\/\/zsms.zabrze.pl\/wp-content\/uploads\/2020\/10\/logo600.jpg","width":600,"height":600,"caption":"Zesp\u00f3\u0142 Szk\u00f3\u0142 Mechaniczno-Samochodowych w Zabrzu"},"image":{"@id":"https:\/\/zsms.zabrze.pl\/#\/schema\/logo\/image\/"},"sameAs":["https:\/\/www.facebook.com\/zsmszabrze\/"]}]}},"_links":{"self":[{"href":"https:\/\/zsms.zabrze.pl\/index.php?rest_route=\/wp\/v2\/pages\/258","targetHints":{"allow":["GET"]}}],"collection":[{"href":"https:\/\/zsms.zabrze.pl\/index.php?rest_route=\/wp\/v2\/pages"}],"about":[{"href":"https:\/\/zsms.zabrze.pl\/index.php?rest_route=\/wp\/v2\/types\/page"}],"author":[{"embeddable":true,"href":"https:\/\/zsms.zabrze.pl\/index.php?rest_route=\/wp\/v2\/users\/3"}],"replies":[{"embeddable":true,"href":"https:\/\/zsms.zabrze.pl\/index.php?rest_route=%2Fwp%2Fv2%2Fcomments&post=258"}],"version-history":[{"count":34,"href":"https:\/\/zsms.zabrze.pl\/index.php?rest_route=\/wp\/v2\/pages\/258\/revisions"}],"predecessor-version":[{"id":2149,"href":"https:\/\/zsms.zabrze.pl\/index.php?rest_route=\/wp\/v2\/pages\/258\/revisions\/2149"}],"wp:featuredmedia":[{"embeddable":true,"href":"https:\/\/zsms.zabrze.pl\/index.php?rest_route=\/wp\/v2\/media\/1036"}],"wp:attachment":[{"href":"https:\/\/zsms.zabrze.pl\/index.php?rest_route=%2Fwp%2Fv2%2Fmedia&parent=258"}],"curies":[{"name":"wp","href":"https:\/\/api.w.org\/{rel}","templated":true}]}}