{"id":337,"date":"2020-09-17T23:03:34","date_gmt":"2020-09-17T21:03:34","guid":{"rendered":"https:\/\/zsms.zabrze.pl\/?page_id=337"},"modified":"2025-09-15T23:17:31","modified_gmt":"2025-09-15T21:17:31","slug":"strona-glowna","status":"publish","type":"page","link":"https:\/\/zsms.zabrze.pl\/","title":{"rendered":""},"content":{"rendered":"\n<p class=\"extendedwopts-md-center has-white-color has-text-color has-background has-link-color has-small-font-size wp-elements-b2c029ee608acb51bce0c44c1204275c\" style=\"background-color:#235e88\"><strong><a href=\"https:\/\/zsms.zabrze.pl\/?page_id=331\">WI\u0118CEJ WPIS\u00d3W<\/a><\/strong><\/p>\n\n\n\n<p><\/p>\n","protected":false},"excerpt":{"rendered":"<p>WI\u0118CEJ WPIS\u00d3W<\/p>\n","protected":false},"author":3,"featured_media":0,"parent":0,"menu_order":0,"comment_status":"closed","ping_status":"closed","template":"","meta":{"colormag_page_container_layout":"default_layout","colormag_page_sidebar_layout":"default_layout","footnotes":""},"class_list":["post-337","page","type-page","status-publish","hentry"],"yoast_head":"<!-- This site is optimized with the Yoast SEO plugin v27.2 - https:\/\/yoast.com\/product\/yoast-seo-wordpress\/ -->\n<title>- Zesp\u00f3\u0142 Szk\u00f3\u0142 Mechaniczno-Samochodowych w Zabrzu<\/title>\n<meta name=\"robots\" content=\"index, follow, max-snippet:-1, max-image-preview:large, max-video-preview:-1\" \/>\n<link rel=\"canonical\" href=\"https:\/\/zsms.zabrze.pl\/\" \/>\n<meta property=\"og:locale\" content=\"pl_PL\" \/>\n<meta property=\"og:type\" content=\"article\" \/>\n<meta property=\"og:title\" content=\"- Zesp\u00f3\u0142 Szk\u00f3\u0142 Mechaniczno-Samochodowych w Zabrzu\" \/>\n<meta property=\"og:description\" content=\"WI\u0118CEJ WPIS\u00d3W\" \/>\n<meta property=\"og:url\" content=\"https:\/\/zsms.zabrze.pl\/\" \/>\n<meta property=\"og:site_name\" content=\"Zesp\u00f3\u0142 Szk\u00f3\u0142 Mechaniczno-Samochodowych w Zabrzu\" \/>\n<meta property=\"article:publisher\" content=\"https:\/\/www.facebook.com\/zsmszabrze\/\" \/>\n<meta property=\"article:modified_time\" content=\"2025-09-15T21:17:31+00:00\" \/>\n<meta name=\"twitter:card\" content=\"summary_large_image\" \/>\n<meta name=\"twitter:label1\" content=\"Szacowany czas czytania\" \/>\n\t<meta name=\"twitter:data1\" content=\"1 minuta\" \/>\n<!-- \/ Yoast SEO plugin. -->","yoast_head_json":{"title":"- Zesp\u00f3\u0142 Szk\u00f3\u0142 Mechaniczno-Samochodowych w Zabrzu","robots":{"index":"index","follow":"follow","max-snippet":"max-snippet:-1","max-image-preview":"max-image-preview:large","max-video-preview":"max-video-preview:-1"},"canonical":"https:\/\/zsms.zabrze.pl\/","og_locale":"pl_PL","og_type":"article","og_title":"- Zesp\u00f3\u0142 Szk\u00f3\u0142 Mechaniczno-Samochodowych w Zabrzu","og_description":"WI\u0118CEJ WPIS\u00d3W","og_url":"https:\/\/zsms.zabrze.pl\/","og_site_name":"Zesp\u00f3\u0142 Szk\u00f3\u0142 Mechaniczno-Samochodowych w Zabrzu","article_publisher":"https:\/\/www.facebook.com\/zsmszabrze\/","article_modified_time":"2025-09-15T21:17:31+00:00","twitter_card":"summary_large_image","twitter_misc":{"Szacowany czas czytania":"1 minuta"},"schema":{"@context":"https:\/\/schema.org","@graph":[{"@type":"WebPage","@id":"https:\/\/zsms.zabrze.pl\/","url":"https:\/\/zsms.zabrze.pl\/","name":"- Zesp\u00f3\u0142 Szk\u00f3\u0142 Mechaniczno-Samochodowych w Zabrzu","isPartOf":{"@id":"https:\/\/zsms.zabrze.pl\/#website"},"datePublished":"2020-09-17T21:03:34+00:00","dateModified":"2025-09-15T21:17:31+00:00","inLanguage":"pl-PL","potentialAction":[{"@type":"ReadAction","target":["https:\/\/zsms.zabrze.pl\/"]}]},{"@type":"WebSite","@id":"https:\/\/zsms.zabrze.pl\/#website","url":"https:\/\/zsms.zabrze.pl\/","name":"Zesp\u00f3\u0142 Szk\u00f3\u0142 Mechaniczno-Samochodowych w Zabrzu","description":"","publisher":{"@id":"https:\/\/zsms.zabrze.pl\/#organization"},"potentialAction":[{"@type":"SearchAction","target":{"@type":"EntryPoint","urlTemplate":"https:\/\/zsms.zabrze.pl\/?s={search_term_string}"},"query-input":{"@type":"PropertyValueSpecification","valueRequired":true,"valueName":"search_term_string"}}],"inLanguage":"pl-PL"},{"@type":"Organization","@id":"https:\/\/zsms.zabrze.pl\/#organization","name":"Zesp\u00f3\u0142 Szk\u00f3\u0142 Mechaniczno-Samochodowych w Zabrzu","url":"https:\/\/zsms.zabrze.pl\/","logo":{"@type":"ImageObject","inLanguage":"pl-PL","@id":"https:\/\/zsms.zabrze.pl\/#\/schema\/logo\/image\/","url":"https:\/\/zsms.zabrze.pl\/wp-content\/uploads\/2020\/10\/logo600.jpg","contentUrl":"https:\/\/zsms.zabrze.pl\/wp-content\/uploads\/2020\/10\/logo600.jpg","width":600,"height":600,"caption":"Zesp\u00f3\u0142 Szk\u00f3\u0142 Mechaniczno-Samochodowych w Zabrzu"},"image":{"@id":"https:\/\/zsms.zabrze.pl\/#\/schema\/logo\/image\/"},"sameAs":["https:\/\/www.facebook.com\/zsmszabrze\/"]}]}},"_links":{"self":[{"href":"https:\/\/zsms.zabrze.pl\/index.php?rest_route=\/wp\/v2\/pages\/337","targetHints":{"allow":["GET"]}}],"collection":[{"href":"https:\/\/zsms.zabrze.pl\/index.php?rest_route=\/wp\/v2\/pages"}],"about":[{"href":"https:\/\/zsms.zabrze.pl\/index.php?rest_route=\/wp\/v2\/types\/page"}],"author":[{"embeddable":true,"href":"https:\/\/zsms.zabrze.pl\/index.php?rest_route=\/wp\/v2\/users\/3"}],"replies":[{"embeddable":true,"href":"https:\/\/zsms.zabrze.pl\/index.php?rest_route=%2Fwp%2Fv2%2Fcomments&post=337"}],"version-history":[{"count":25,"href":"https:\/\/zsms.zabrze.pl\/index.php?rest_route=\/wp\/v2\/pages\/337\/revisions"}],"predecessor-version":[{"id":5511,"href":"https:\/\/zsms.zabrze.pl\/index.php?rest_route=\/wp\/v2\/pages\/337\/revisions\/5511"}],"wp:attachment":[{"href":"https:\/\/zsms.zabrze.pl\/index.php?rest_route=%2Fwp%2Fv2%2Fmedia&parent=337"}],"curies":[{"name":"wp","href":"https:\/\/api.w.org\/{rel}","templated":true}]}}