{"id":4869,"date":"2024-06-21T16:17:41","date_gmt":"2024-06-21T14:17:41","guid":{"rendered":"https:\/\/zsms.zabrze.pl\/?page_id=4869"},"modified":"2025-10-01T16:17:48","modified_gmt":"2025-10-01T14:17:48","slug":"wykaz-podrecznikow-dla-technikum-2024-2025","status":"publish","type":"page","link":"https:\/\/zsms.zabrze.pl\/?page_id=4869","title":{"rendered":"Wykaz podr\u0119cznik\u00f3w dla\u00a0 Technikum 2025\/2026"},"content":{"rendered":"\n<p class=\"has-large-font-size\"><strong>Klasa I<\/strong><\/p>\n\n\n\n<figure class=\"wp-block-table is-style-stripes\"><table style=\"border-style:none;border-width:0px\"><tbody><tr><td>J\u0119zyk polski<\/td><td><strong>\u201eNowe Ponad s\u0142owami 1.1\u201d.&nbsp;<\/strong>J\u0119zyk polski dla liceum i technikum, <strong>\u201eNowe Ponad s\u0142owami 1.2\u201d.&nbsp;<\/strong>J\u0119zyk polski dla liceum i technikum<\/td><td>M. Chmiel, A. Cisowska,<br>J. Ko\u015bcierzy\u0144ska, A. Wr\u00f3blewska<\/td><td class=\"has-text-align-left\" data-align=\"left\">Nowa Era <\/td><\/tr><tr><td>J\u0119zyk angielski<\/td><td><strong>&#8222;Life Vision&#8221; poziom pre-intermediate <\/strong>(podr\u0119cznik + \u0107wiczenia)<\/td><td>Jeremy Bowell<\/td><td class=\"has-text-align-left\" data-align=\"left\"><\/td><\/tr><tr><td>J\u0119zyk niemiecki<\/td><td><strong>\u201e#trends neu 1&#8243;.<\/strong>&nbsp;Podr\u0119cznik i \u0107wiczenia do j\u0119zyka niemieckiego dla lice\u00f3w i technik\u00f3w.<br>Prosimy o wstrzymanie si\u0119 z zakupem podr\u0119cznika do pierwszych zaj\u0119\u0107<\/td><td>Anna \u017bycka, Ewa Ko\u015bcielniak-Walewska, Andy Christian K\u00f6rber<\/td><td class=\"has-text-align-left\" data-align=\"left\">Nowa Era<\/td><\/tr><tr><td>Filozofia<\/td><td><strong>\u201cSpotkania z filozofi\u0105\u201d.<\/strong>&nbsp;Podr\u0119cznik do filozofii dla liceum og\u00f3lnokszta\u0142c\u0105cego i technikum.<\/td><td>Monika Bokiniec, Sylwester Zielka<\/td><td class=\"has-text-align-left\" data-align=\"left\">Nowa Era<\/td><\/tr><tr><td>Historia<\/td><td><strong>\u201ePozna\u0107 przesz\u0142o\u015b\u0107 1\u201d.<\/strong>&nbsp;Podr\u0119cznik do historii dla liceum og\u00f3lnokszta\u0142c\u0105cego i technikum. Zakres podstawowy.<\/td><td>Marcin Pawlak, Adam Szweda<\/td><td class=\"has-text-align-left\" data-align=\"left\">Nowa Era<\/td><\/tr><tr><td>Geografia<\/td><td><strong>\u201eNOWE Oblicza geografii 1\u201d<\/strong>&nbsp;\u2013 podr\u0119cznik dla liceum og\u00f3lnokszta\u0142c\u0105cego i technikum \u2013 zakres podstawowy.<\/td><td>Roman Malarz, Marek Wi\u0119ckowski<\/td><td class=\"has-text-align-left\" data-align=\"left\">Nowa Era<\/td><\/tr><tr><td>Biologia<\/td><td><strong>\u201cNOWA Biologia na czasie 1\u201d.&nbsp;<\/strong>Podr\u0119cznik dla liceum og\u00f3lnokszta\u0142c\u0105cego i technikum, zakres podstawowy.<\/td><td>Anna Helmin, Jolanta Holeczek<\/td><td class=\"has-text-align-left\" data-align=\"left\">Nowa Era<\/td><\/tr><tr><td>Chemia<\/td><td><strong>\u201eNOWA To jest chemia\u201d. Chemia og\u00f3lna i nieograniczona.&nbsp;<\/strong>Podr\u0119cznik dla liceum i technikum 1 zakres podstawowy.<\/td><td>R. Hassa, A. Mrzigod<\/td><td class=\"has-text-align-left\" data-align=\"left\">Nowa Era<\/td><\/tr><tr><td>Fizyka<\/td><td><strong>Fizyka dla liceum i technikum<\/strong>. Cz\u0119\u015b\u0107 1. Zakres podstawowy 1.<\/td><td>L. Lehman, W. Polesiuk, G. Wojewoda<\/td><td class=\"has-text-align-left\" data-align=\"left\">WSiP<\/td><\/tr><tr><td>Matematyka<\/td><td><strong>\u201eNOWA MATeMAtyka 1\u201d.<\/strong>&nbsp;Podr\u0119cznik do matematyki dla liceum og\u00f3lnokszta\u0142c\u0105cego i technikum. Zakres podstawowy i rozszerzony.<\/td><td>Wojciech Babia\u0144ski, Lech Cha\u0144ko, Karolina Wej<\/td><td class=\"has-text-align-left\" data-align=\"left\">Nowa Era<\/td><\/tr><tr><td>Informatyka<\/td><td><strong>\u201eNOWA Informatyka na czasie 1\u201d<\/strong>&nbsp;\u2013 podr\u0119cznik dla liceum og\u00f3lnokszta\u0142c\u0105cego i technikum \u2013 zakres podstawowy. <em>Podr\u0119cznik nie jest wymagany.<\/em><\/td><td>Janusz Mazur, Pawe\u0142 Perekietka, Zbigniew Talaga, Janusz S. Wierzbicki<\/td><td class=\"has-text-align-left\" data-align=\"left\">Nowa Era<\/td><\/tr><tr><td>Biznes i zarz\u0105dzanie<\/td><td><strong>Krok w biznes i zarz\u0105dzanie 1. <\/strong>Podr\u0119cznik dla liceum og\u00f3lnokszta\u0142c\u0105cego i technikum. Zakres podstawowy.<\/td><td>Zbigniew Makie\u0142a, Tomasz Rachwa\u0142<\/td><td class=\"has-text-align-left\" data-align=\"left\">Nowa Era<\/td><\/tr><tr><td>Edukacja dla bezpiecze\u0144stwa<\/td><td><strong>\u201e\u017byj\u0119 i dzia\u0142am BEZPIECZNIE\u201d&nbsp;<\/strong>\u2013 podr\u0119cznik do edukacji dla bezpiecze\u0144stwa dla liceum og\u00f3lnokszta\u0142c\u0105cego i technikum.<\/td><td>Jaros\u0142aw S\u0142oma<\/td><td class=\"has-text-align-left\" data-align=\"left\">Nowa Era<\/td><\/tr><tr><td>Etyka<\/td><td><strong>Etyka.&nbsp;<\/strong>Podr\u0119cznik klasa 1. Liceum i technikum. Zakres podstawowy.<\/td><td>Pawe\u0142 Ko\u0142odzi\u0144ski, Jakub Kapiszewski<\/td><td class=\"has-text-align-left\" data-align=\"left\">Operon<\/td><\/tr><tr><td>Religia<\/td><td><strong>\u201cJezus prowadzi i zbawia\u201d.&nbsp;<\/strong>Podr\u0119cznik do religii dla klasy I liceum i technikum<br>Z serii podr\u0119cznik\u00f3w: \u201eW Drodze do Emaus\u201d <em>Podr\u0119cznik nie jest wymagany<\/em><\/td><td>ks. Zbigniew Marek<\/td><td class=\"has-text-align-left\" data-align=\"left\">WAM Krak\u00f3w<\/td><\/tr><tr><td>Bezpiecze\u0144stwo pracy<\/td><td><strong>\u201eBezpiecze\u0144stwo i higiena pracy\u201d<\/strong><\/td><td>Wanda Buka\u0142a, Krzysztof Szcz\u0119sny<\/td><td class=\"has-text-align-left\" data-align=\"left\">WSiP<\/td><\/tr><tr><td>Budowa i naprawa pojazd\u00f3w samochodowych<\/td><td><strong>\u201ePodwozia i nadwozia pojazd\u00f3w samochodowych\u201d<\/strong> &nbsp; <strong>\u201eSilniki pojazd\u00f3w samochodowych\u201d<\/strong><\/td><td>P.Fundowicz, M.Radzimierski, M.Wieczorek &nbsp; M.Karczewski, L.Szcz\u0119ch, G.Trawi\u0144ski<\/td><td class=\"has-text-align-left\" data-align=\"left\">WSiP<br><br>WSiP<\/td><\/tr><tr><td>Podstawy konstrukcji maszyn<\/td><td><strong>\u201cPodstawy budowy maszyn\u201d<\/strong> &#8211; podr\u0119cznik<br>&#8222;<strong>Podstawy budowy maszyn<\/strong>&#8221; &#8211; zeszyt \u0107wicze\u0144 dla ucznia, bezp\u0142atnie do pobrania i druku. <strong><a href=\"https:\/\/www.wkl.com.pl\/inne\/1560_pbm_zeszyt_ucznia.pdf?ksiazka_id=1560\" target=\"_blank\" rel=\"noreferrer noopener\">POBIERZ<\/a><\/strong><br><\/td><td>Piotr Bo\u015b, Romuald Fejkiel, Zofia Wrzask<\/td><td class=\"has-text-align-left\" data-align=\"left\">WK\u0141<\/td><\/tr><\/tbody><\/table><\/figure>\n\n\n\n<p><\/p>\n\n\n\n<p class=\"has-large-font-size\"><strong>Klasa II&nbsp;<\/strong><\/p>\n\n\n\n<figure class=\"wp-block-table is-style-stripes\"><table><tbody><tr><td>J\u0119zyk polski<br><br><br><br><\/td><td><strong>\u201ePonad s\u0142owami 1, cz\u0119\u015b\u0107 2\u201d.&nbsp;<\/strong>Podr\u0119cznik do j\u0119zyka polskiego dla liceum i technikum, &nbsp; <strong>\u201ePonad s\u0142owami 2, cz\u0119\u015b\u0107 1\u201d.&nbsp;<\/strong>Podr\u0119cznik do j\u0119zyka polskiego dla liceum i technikum.<\/td><td>M.Chmiel, A.Cisowska &nbsp; M.Chmiel, A. Cisowska<\/td><td>Nowa Era &nbsp; Nowa Era<\/td><\/tr><tr><td>J\u0119zyk angielski<\/td><td><strong>\u201eLife Vision pre-intermediate&nbsp;\u201d<\/strong>.<\/td><td>JANE Hudson<\/td><td>Wyd. OXFORD<\/td><\/tr><tr><td>J\u0119zyk niemiecki<\/td><td><strong>\u201e#trends 2\u201d.<\/strong>&nbsp;Podr\u0119cznik i \u0107wiczenia do j\u0119zyka niemieckiego dla lice\u00f3w i technik\u00f3w.<br>Prosimy o wstrzymanie si\u0119 z zakupem podr\u0119cznika do pierwszych zaj\u0119\u0107<\/td><td>Anna \u017bycka, Ewa Ko\u015bcielniak-Walewska, Andy Christian K\u00f6rber<\/td><td>Nowa Era<\/td><\/tr><tr><td>Historia<\/td><td><strong>\u201ePozna\u0107 przesz\u0142o\u015b\u0107 2\u201d.<\/strong>&nbsp;Podr\u0119cznik do historii dla liceum og\u00f3lnokszta\u0142c\u0105cego i technikum. Zakres podstawowy.<\/td><td>&nbsp;Adam Kucharski, Aneta Niew\u0119g\u0142owska<\/td><td>Nowa Era<\/td><\/tr><tr><td>Podstawy przedsi\u0119biorczo\u015bci<\/td><td><strong>Krok w przedsi\u0119biorczo\u015b\u0107. <\/strong>Podr\u0119cznik do podstaw przedsi\u0119biorczo\u015bci dla szk\u00f3\u0142 ponadpodstawowych.<\/td><td>Makie\u0142a, Tomasz Rachwa\u0142.<\/td><td>Nowa Era<\/td><\/tr><tr><td>Geografia<\/td><td><strong>\u201eOblicza geografii 2\u201d<\/strong>&nbsp;\u2013 podr\u0119cznik dla liceum og\u00f3lnokszta\u0142c\u0105cego i technikum \u2013 zakres podstawowy.<\/td><td>T. Rachwa\u0142, R. Uliszak<\/td><td>Nowa Era<\/td><\/tr><tr><td>Biologia<\/td><td><strong>\u201cBiologia na czasie 2\u201d.&nbsp;<\/strong>Podr\u0119cznik dla liceum og\u00f3lnokszta\u0142c\u0105cego i technikum, zakres podstawowy.<\/td><td>Anna Helmin, Jolanta Holeczek<\/td><td>Nowa Era<\/td><\/tr><tr><td>Chemia<\/td><td><strong>\u201eTo jest chemia\u201d.Chemia og\u00f3lna i nieograniczona.&nbsp;Cz\u0119\u015b\u0107 1 <\/strong>Podr\u0119cznik dla liceum i technikum 1 zakres podstawowy.<\/td><td>R. Hassa, A. Mrzigod<\/td><td>Nowa Era<\/td><\/tr><tr><td>Fizyka<\/td><td><strong>Fizyka dla liceum i technikum<\/strong>. Cz\u0119\u015b\u0107 2. Zakres podstawowy&nbsp;<\/td><td>L. Lehman, W. Polesiuk, G. Wojewoda<\/td><td>WSiP<\/td><\/tr><tr><td>Matematyka<\/td><td><strong>\u201eMATeMAtyka 1 i 2\u201d.<\/strong>&nbsp;Podr\u0119cznik do matematyki dla liceum og\u00f3lnokszta\u0142c\u0105cego i technikum. Zakres podstawowy i rozszerzony.<\/td><td>Wojciech Babia\u0144ski, Lech Cha\u0144ko, Karolina Wej<\/td><td>Nowa Era<\/td><\/tr><tr><td>Informatyka<\/td><td><strong>\u201eInformatyka na czasie 2\u201d<\/strong>&nbsp;\u2013 podr\u0119cznik dla liceum og\u00f3lnokszta\u0142c\u0105cego i technikum \u2013 zakres podstawowy. <em>Podr\u0119cznik nie jest wymagany<\/em><\/td><td>Janusz Mazur, Pawe\u0142 Perekietka, Zbigniew Talaga, Janusz S. Wierzbicki<\/td><td>Nowa Era<\/td><\/tr><tr><td>Biznes i zarz\u0105dzanie<\/td><td><strong>Krok w biznes i zarz\u0105dzanie 2. <\/strong>Podr\u0119cznik dla liceum og\u00f3lnokszta\u0142c\u0105cego i technikum. Zakres podstawowy.<\/td><td>Zbigniew Makie\u0142a, Tomasz Rachwa\u0142<\/td><td>Nowa Era<\/td><\/tr><tr><td>Etyka<\/td><td><strong>Etyka.&nbsp;<\/strong>Podr\u0119cznik klasa 1. Liceum i technikum. Zakres podstawowy.<\/td><td>Pawe\u0142 Ko\u0142odzi\u0144ski, Jakub Kapiszewski<\/td><td>Operon<\/td><\/tr><tr><td>Religia<\/td><td><strong>\u201eW Ko\u015bciele \u201d<\/strong> Podr\u0119cznik nie jest wymagany<\/td><td>ks. Zbigniew Marek<\/td><td>WAM Krak\u00f3w<\/td><\/tr><tr><td>J\u0119zyk angielski zawodowy<\/td><td><strong>\u201eJ\u0119zyk angielski w bran\u017cy samochodowej\u201d<\/strong><\/td><td><\/td><td>WK\u0141<\/td><\/tr><tr><td>J\u0119zyk niemiecki zawodowy<\/td><td><strong>\u201eJ\u0119zyk niemiecki zawodowy w bran\u017cy mechanicznej i samochodowej\u201d<\/strong><\/td><td>Rochowski Piotr<\/td><td>WSiP<\/td><\/tr><tr><td>Budowa i naprawa pojazd\u00f3w samochodowych<\/td><td>\u201ePodwozia i nadwozia pojazd\u00f3w samochodowych\u201d cz. 1 i 2<\/td><td>redakcja Jacek \u0141\u0119giewicz&nbsp;<\/td><td>WK\u0141<\/td><\/tr><tr><td>Elektryczne i elektroniczne wyposa\u017cenie samochod\u00f3w<\/td><td>Podstawy elektrotechniki i elektroniki pojazd\u00f3w samochodowych<\/td><td>Piotr Fundowicz, Mariusz Radzimirski, Marcin Wieczorek<\/td><td>WSiP<\/td><\/tr><tr><td>Technologia konstrukcji maszyn<\/td><td><strong>Podstawy budowy maszyn<\/strong> <em>Podr\u0119cznik nie jest wymagany<\/em><\/td><td>Piotr Bo\u015b i inni<\/td><td>WKi\u0141<\/td><\/tr><\/tbody><\/table><\/figure>\n\n\n\n<p><\/p>\n\n\n\n<p class=\"has-large-font-size\"><strong>Klasa III&nbsp;<\/strong><\/p>\n\n\n\n<figure class=\"wp-block-table is-style-stripes\"><table><tbody><tr><td>J\u0119zyk polski<\/td><td><strong>\u201ePonad s\u0142owami 2, cz\u0119\u015b\u0107 2\u201d.&nbsp;<\/strong>Podr\u0119cznik do j\u0119zyka polskiego dla liceum i technikum &nbsp; <strong>\u201ePonad s\u0142owami 3, cz\u0119\u015b\u0107 1\u201d.&nbsp;<\/strong>Podr\u0119cznik do j\u0119zyka polskiego dla liceum i technikum<\/td><td>A. Cisowska, &nbsp;J. Ko\u015bcierzy\u0144ska<\/td><td>Nowa Era<\/td><\/tr><tr><td>J\u0119zyk angielski<\/td><td><strong>My Prespectives1 +<\/strong> <strong>\u201eSOLUTIONS GOLD pre-Intermediate\u201d<\/strong><\/td><td>Praca zbiorowa<\/td><td>Nowa Era Oxford<\/td><\/tr><tr><td>J\u0119zyk niemiecki<\/td><td><strong>\u201e#trends 3\u201d.<\/strong>&nbsp;Podr\u0119cznik i \u0107wiczenia do j\u0119zyka niemieckiego dla lice\u00f3w i technik\u00f3w.<br>Prosimy o wstrzymanie si\u0119 z zakupem podr\u0119cznika do pierwszych zaj\u0119\u0107<\/td><td>Anna \u017bycka, Ewa Ko\u015bcielniak-Walewska, Andy Christian K\u00f6rber<\/td><td>Nowa Era<\/td><\/tr><tr><td>Historia<\/td><td>Brak podr\u0119cznika&nbsp;<\/td><td><\/td><td><\/td><\/tr><tr><td>Podstawy przedsi\u0119biorczo\u015bci<\/td><td><strong>Krok w przedsi\u0119biorczo\u015b\u0107. <\/strong>Podr\u0119cznik do podstaw przedsi\u0119biorczo\u015bci dla szk\u00f3\u0142 ponadpodstawowych.<\/td><td>Makie\u0142a, Tomasz Rachwa\u0142.<\/td><td>Nowa Era<\/td><\/tr><tr><td>Geografia<\/td><td><strong>\u201eOblicza geografii 2\u201d<\/strong>&nbsp;\u2013 podr\u0119cznik dla liceum og\u00f3lnokszta\u0142c\u0105cego i technikum \u2013 zakres podstawowy.<\/td><td>T. Rachwa\u0142, R. Uliszak<\/td><td>Nowa Era<\/td><\/tr><tr><td>Biologia<\/td><td><strong>\u201cBiologia na czasie 3\u201d.&nbsp;<\/strong>Podr\u0119cznik dla liceum og\u00f3lnokszta\u0142c\u0105cego i technikum, zakres podstawowy.<\/td><td>Jolanta Holeczek<\/td><td>Nowa Era<\/td><\/tr><tr><td>Chemia<\/td><td><strong>\u201eTo jest chemia\u201d.Chemia og\u00f3lna i nieograniczona.&nbsp;Cz\u0119\u015b\u0107 2 <\/strong>Podr\u0119cznik dla liceum i technikum 1 zakres podstawowy.<\/td><td>R. Hassa, A. Mrzigod<\/td><td>Nowa Era<\/td><\/tr><tr><td>Fizyka<\/td><td><strong>Fizyka dla liceum i technikum<\/strong>. Cz\u0119\u015b\u0107 3. Zakres podstawowy&nbsp;<\/td><td>L. Lehman, W. Polesiuk, G. Wojewoda<\/td><td>WSiP<\/td><\/tr><tr><td>Matematyka<\/td><td><strong>\u201eMATeMAtyka 2 i 3\u201d.<\/strong>&nbsp;Podr\u0119cznik do matematyki dla liceum og\u00f3lnokszta\u0142c\u0105cego i technikum. Zakres podstawowy i rozszerzony.<\/td><td>Wojciech Babia\u0144ski, Lech Cha\u0144ko, Karolina Wej<\/td><td>Nowa Era<\/td><\/tr><tr><td>Informatyka<\/td><td><strong>\u201eInformatyka na czasie 3\u201d<\/strong>&nbsp;\u2013 podr\u0119cznik dla liceum og\u00f3lnokszta\u0142c\u0105cego i technikum \u2013 zakres podstawowy. <em>Podr\u0119cznik nie jest wymagany<\/em><\/td><td>Janusz Mazur, Pawe\u0142 Perekietka, Zbigniew Talaga, Janusz S. Wierzbicki<\/td><td>Nowa Era<\/td><\/tr><tr><td>Etyka<\/td><td><strong>Brak podr\u0119cznika.<\/strong><\/td><td><\/td><td><\/td><\/tr><tr><td>Religia<\/td><td><strong>\u201eW \u015bwiecie \u201d<\/strong> <em>Podr\u0119cznik nie jest wymagany<\/em><\/td><td>ks. Zbigniew Marek<\/td><td>WAM Krak\u00f3w<\/td><\/tr><tr><td>Budowa i naprawa pojazd\u00f3w samochodowych<\/td><td><strong>\u201ePodwozia i nadwozia pojazd\u00f3w samochodowych\u201d cz. 1 i 2<\/strong><\/td><td>redakcja Jacek \u0141\u0119giewicz&nbsp;<\/td><td>WK\u0141<\/td><\/tr><tr><td>Przepisy ruchu drogowego<\/td><td><strong>Brak podr\u0119cznika&nbsp;<\/strong><\/td><td><\/td><td><\/td><\/tr><tr><td>Elektryczne i elektroniczne wyposa\u017cenie samochod\u00f3w<\/td><td><strong>Podstawy elektrotechniki i elektroniki pojazd\u00f3w samochodowych<\/strong><\/td><td>Piotr Fundowicz, Mariusz Radzimirski, Marcin Wieczorek<\/td><td>WSiP<\/td><\/tr><tr><td>Technologia konstrukcji maszyn<\/td><td><strong>Podstawy budowy maszyn<\/strong> <em>Podr\u0119cznik nie jest wymagany<\/em><\/td><td>Piotr Bo\u015b i inni<\/td><td>WKi\u0141<\/td><\/tr><tr><td>Zarz\u0105dzanie przedsi\u0119biorstwem samochodowym<\/td><td><strong>Prowadzenie dzia\u0142alno\u015bci gospodarczej w bran\u017cy samochodowej<\/strong> <em>Podr\u0119cznik nie jest wymagany<\/em><\/td><td>Kowalczyk Stanis\u0142aw, Korwin-Szymanowska Adamina<\/td><td>WSiP<\/td><\/tr><\/tbody><\/table><\/figure>\n\n\n\n<p><\/p>\n\n\n\n<p class=\"has-large-font-size\"><strong>Klasa IV&nbsp;<\/strong><\/p>\n\n\n\n<figure class=\"wp-block-table is-style-stripes\"><table><tbody><tr><td>J\u0119zyk polski<\/td><td><strong>\u201ePonad s\u0142owami 3, cz\u0119\u015b\u0107 2\u201d.&nbsp;<\/strong>Podr\u0119cznik do j\u0119zyka polskiego dla liceum i technikum <strong>\u201ePonad s\u0142owami 4\u201d.&nbsp;<\/strong>Podr\u0119cznik do j\u0119zyka polskiego dla liceum i technikum<\/td><td>J. Ko\u015bcierzy\u0144ska, A. Cisowska<\/td><td>Nowa Era&nbsp;<\/td><\/tr><tr><td>J\u0119zyk angielski<\/td><td>Longman Repetytorium Maturalne. J\u0119zyk Angielski.&nbsp; Poziom Podstawowy&nbsp;&nbsp; <strong>Wa\u017cne!<\/strong> Nale\u017cy zakupi\u0107 podr\u0119cznik z kodem dost\u0119pu do interactive student eBook<strong><\/strong><\/td><td>H. Umi\u0144ska<\/td><td>Pearson<\/td><\/tr><tr><td>J\u0119zyk niemiecki<\/td><td><strong>\u201e#trends 4\u201d.<\/strong>&nbsp;Podr\u0119cznik i \u0107wiczenia do j\u0119zyka niemieckiego dla lice\u00f3w i technik\u00f3w.<br>Prosimy o wstrzymanie si\u0119 z zakupem podr\u0119cznika do pierwszych zaj\u0119\u0107<\/td><td>Anna \u017bycka, Ewa Ko\u015bcielniak-Walewska, Andy Christian K\u00f6rber<\/td><td>Nowa Era<\/td><\/tr><tr><td>Wiedza o spo\u0142ecze\u0144stwie<\/td><td><em>Tytu\u0142 podr\u0119cznika podany b\u0119dzie w terminie p\u00f3\u017aniejszym.<\/em><\/td><td><\/td><td><\/td><\/tr><tr><td>Historia<\/td><td><em>Tytu\u0142 podr\u0119cznika podany b\u0119dzie w terminie p\u00f3\u017aniejszym.<\/em><\/td><td><\/td><td><\/td><\/tr><tr><td>Geografia<\/td><td><strong>Oblicza geografii 3<\/strong>.&nbsp; Podr\u0119cznik dla liceum og\u00f3lnokszta\u0142c\u0105cego i technikum. Zakres podstawowy.<\/td><td>Adamiak Cz. , Dubownik A., \u015awitoniak&nbsp; M., Nowak M., Szyda B.<\/td><td>Nowa Era<\/td><\/tr><tr><td>Fizyka<\/td><td><strong>Fizyka dla liceum i technikum<\/strong>. Cz\u0119\u015b\u0107 3. Zakres podstawowy&nbsp;<\/td><td>L. Lehman,&nbsp; W. Polesiuk,&nbsp; G. Wojewoda<\/td><td>WSiP&nbsp;<\/td><\/tr><tr><td>Chemia<\/td><td><strong>\u201eTo jest chemia\u201d. Chemia og\u00f3lna i&nbsp; nieograniczona.&nbsp;Cz\u0119\u015b\u0107 2 <\/strong>Podr\u0119cznik dla liceum i technikum 1 Zakres podstawowy.<\/td><td>R. Hassa, A. Mrzigod<\/td><td>Nowa Era<\/td><\/tr><tr><td>Matematyka<\/td><td><strong>MATeMAtyka&nbsp; <\/strong>zakres podstawowy i rozszerzony<\/td><td>W.Babi\u0144ski, L.Cha\u0144ko, J. Czarnowska, G. Janocha,D. Ponczek, J. Weso\u0142owska<\/td><td>Nowa Era<\/td><\/tr><tr><td>Religia<\/td><td><strong>\u201eW \u015bwiecie\u201d<\/strong><\/td><td>ks. Zbigniew Marek<\/td><td>WAM Krak\u00f3w<\/td><\/tr><tr><td>Zarz\u0105dzanie przedsi\u0119biorstwem samochodowym<\/td><td><strong>Prowadzenie dzia\u0142alno\u015bci gospodarczej w bran\u017cy samochodowej<\/strong> <em>Podr\u0119cznik nie jest wymagany<\/em><\/td><td>Kowalczyk Stanis\u0142aw, Korwin-Szymanowska Adamina<\/td><td>WSiP<\/td><\/tr><tr><td>Technologia konstrukcji maszyn&nbsp;&nbsp;&nbsp;&nbsp;&nbsp;&nbsp;&nbsp;&nbsp;&nbsp;&nbsp;&nbsp;<\/td><td>Podstawy budowy maszyn <em>Podr\u0119cznik nie jest wymagany&nbsp;&nbsp;&nbsp;&nbsp;&nbsp;&nbsp;&nbsp;<\/em><\/td><td>Piotr Bo\u015b i inni<\/td><td>WKi\u0141<\/td><\/tr><tr><td>Elektryczne i elektroniczne wyposa\u017cenie samochod\u00f3w<\/td><td><strong>Diagnostyka uk\u0142ad\u00f3w elektrycznych i<\/strong> <strong>elektronicznych pojazd\u00f3w<\/strong> <strong>samochodowych,&nbsp;<\/strong> <strong>Naprawa Diagnostyka uk\u0142ad\u00f3w<\/strong> <strong>elektrycznych i elektronicznych<\/strong> <strong>pojazd\u00f3w samochodowych,&nbsp;<\/strong><\/td><td>Grzegorz Dyga, Grzegorz Trawi\u0144ski<\/td><td>WSiP<\/td><\/tr><tr><td>Budowa i naprawa pojazd\u00f3w samochodowych<\/td><td><em>Tytu\u0142 podr\u0119cznika podany b\u0119dzie w terminie p\u00f3\u017aniejszym.<\/em><\/td><td><\/td><td><\/td><\/tr><\/tbody><\/table><\/figure>\n\n\n\n<p><\/p>\n\n\n\n<p class=\"has-large-font-size\"><strong>Klasa V<\/strong><\/p>\n\n\n\n<figure class=\"wp-block-table is-style-stripes\"><table><thead><tr><th><strong>Przedmiot<\/strong><\/th><th><strong>Tytu\u0142 podr\u0119cznika<\/strong><\/th><th><strong>Autorzy<\/strong><\/th><th><strong>Wydawnictwo<\/strong><\/th><\/tr><\/thead><tbody><tr><td>J\u0119zyk polski<\/td><td><strong>\u201ePonad s\u0142owami 4\u201d.&nbsp;<\/strong>Podr\u0119cznik do j\u0119zyka polskiego dla liceum i technikum<\/td><td>J. Ko\u015bcierzy\u0144ska, &nbsp; &nbsp; &nbsp; A. Cisowska<\/td><td>Nowa Era&nbsp;<\/td><\/tr><\/tbody><\/table><\/figure>\n","protected":false},"excerpt":{"rendered":"<p>Klasa I J\u0119zyk polski \u201eNowe Ponad s\u0142owami 1.1\u201d.&nbsp;J\u0119zyk polski dla liceum i technikum, \u201eNowe Ponad s\u0142owami 1.2\u201d.&nbsp;J\u0119zyk polski dla liceum<\/p>\n","protected":false},"author":3,"featured_media":0,"parent":0,"menu_order":0,"comment_status":"closed","ping_status":"closed","template":"","meta":{"colormag_page_container_layout":"no_sidebar_full_width","colormag_page_sidebar_layout":"no_sidebar","footnotes":""},"class_list":["post-4869","page","type-page","status-publish","hentry"],"yoast_head":"<!-- This site is optimized with the Yoast SEO plugin v27.2 - https:\/\/yoast.com\/product\/yoast-seo-wordpress\/ -->\n<title>Wykaz podr\u0119cznik\u00f3w dla\u00a0 Technikum 2025\/2026 - Zesp\u00f3\u0142 Szk\u00f3\u0142 Mechaniczno-Samochodowych w Zabrzu<\/title>\n<meta name=\"robots\" content=\"index, follow, max-snippet:-1, max-image-preview:large, max-video-preview:-1\" \/>\n<link rel=\"canonical\" href=\"https:\/\/zsms.zabrze.pl\/?page_id=4869\" \/>\n<meta property=\"og:locale\" content=\"pl_PL\" \/>\n<meta property=\"og:type\" content=\"article\" \/>\n<meta property=\"og:title\" content=\"Wykaz podr\u0119cznik\u00f3w dla\u00a0 Technikum 2025\/2026 - Zesp\u00f3\u0142 Szk\u00f3\u0142 Mechaniczno-Samochodowych w Zabrzu\" \/>\n<meta property=\"og:description\" content=\"Klasa I J\u0119zyk polski \u201eNowe Ponad s\u0142owami 1.1\u201d.&nbsp;J\u0119zyk polski dla liceum i technikum, \u201eNowe Ponad s\u0142owami 1.2\u201d.&nbsp;J\u0119zyk polski dla liceum\" \/>\n<meta property=\"og:url\" content=\"https:\/\/zsms.zabrze.pl\/?page_id=4869\" \/>\n<meta property=\"og:site_name\" content=\"Zesp\u00f3\u0142 Szk\u00f3\u0142 Mechaniczno-Samochodowych w Zabrzu\" \/>\n<meta property=\"article:publisher\" content=\"https:\/\/www.facebook.com\/zsmszabrze\/\" \/>\n<meta property=\"article:modified_time\" content=\"2025-10-01T14:17:48+00:00\" \/>\n<meta name=\"twitter:card\" content=\"summary_large_image\" \/>\n<meta name=\"twitter:label1\" content=\"Szacowany czas czytania\" \/>\n\t<meta name=\"twitter:data1\" content=\"9 minut\" \/>\n<!-- \/ Yoast SEO plugin. -->","yoast_head_json":{"title":"Wykaz podr\u0119cznik\u00f3w dla\u00a0 Technikum 2025\/2026 - Zesp\u00f3\u0142 Szk\u00f3\u0142 Mechaniczno-Samochodowych w Zabrzu","robots":{"index":"index","follow":"follow","max-snippet":"max-snippet:-1","max-image-preview":"max-image-preview:large","max-video-preview":"max-video-preview:-1"},"canonical":"https:\/\/zsms.zabrze.pl\/?page_id=4869","og_locale":"pl_PL","og_type":"article","og_title":"Wykaz podr\u0119cznik\u00f3w dla\u00a0 Technikum 2025\/2026 - Zesp\u00f3\u0142 Szk\u00f3\u0142 Mechaniczno-Samochodowych w Zabrzu","og_description":"Klasa I J\u0119zyk polski \u201eNowe Ponad s\u0142owami 1.1\u201d.&nbsp;J\u0119zyk polski dla liceum i technikum, \u201eNowe Ponad s\u0142owami 1.2\u201d.&nbsp;J\u0119zyk polski dla liceum","og_url":"https:\/\/zsms.zabrze.pl\/?page_id=4869","og_site_name":"Zesp\u00f3\u0142 Szk\u00f3\u0142 Mechaniczno-Samochodowych w Zabrzu","article_publisher":"https:\/\/www.facebook.com\/zsmszabrze\/","article_modified_time":"2025-10-01T14:17:48+00:00","twitter_card":"summary_large_image","twitter_misc":{"Szacowany czas czytania":"9 minut"},"schema":{"@context":"https:\/\/schema.org","@graph":[{"@type":"WebPage","@id":"https:\/\/zsms.zabrze.pl\/?page_id=4869","url":"https:\/\/zsms.zabrze.pl\/?page_id=4869","name":"Wykaz podr\u0119cznik\u00f3w dla\u00a0 Technikum 2025\/2026 - Zesp\u00f3\u0142 Szk\u00f3\u0142 Mechaniczno-Samochodowych w Zabrzu","isPartOf":{"@id":"https:\/\/zsms.zabrze.pl\/#website"},"datePublished":"2024-06-21T14:17:41+00:00","dateModified":"2025-10-01T14:17:48+00:00","breadcrumb":{"@id":"https:\/\/zsms.zabrze.pl\/?page_id=4869#breadcrumb"},"inLanguage":"pl-PL","potentialAction":[{"@type":"ReadAction","target":["https:\/\/zsms.zabrze.pl\/?page_id=4869"]}]},{"@type":"BreadcrumbList","@id":"https:\/\/zsms.zabrze.pl\/?page_id=4869#breadcrumb","itemListElement":[{"@type":"ListItem","position":1,"name":"Strona g\u0142\u00f3wna","item":"https:\/\/zsms.zabrze.pl\/"},{"@type":"ListItem","position":2,"name":"Wykaz podr\u0119cznik\u00f3w dla\u00a0 Technikum 2025\/2026"}]},{"@type":"WebSite","@id":"https:\/\/zsms.zabrze.pl\/#website","url":"https:\/\/zsms.zabrze.pl\/","name":"Zesp\u00f3\u0142 Szk\u00f3\u0142 Mechaniczno-Samochodowych w Zabrzu","description":"","publisher":{"@id":"https:\/\/zsms.zabrze.pl\/#organization"},"potentialAction":[{"@type":"SearchAction","target":{"@type":"EntryPoint","urlTemplate":"https:\/\/zsms.zabrze.pl\/?s={search_term_string}"},"query-input":{"@type":"PropertyValueSpecification","valueRequired":true,"valueName":"search_term_string"}}],"inLanguage":"pl-PL"},{"@type":"Organization","@id":"https:\/\/zsms.zabrze.pl\/#organization","name":"Zesp\u00f3\u0142 Szk\u00f3\u0142 Mechaniczno-Samochodowych w Zabrzu","url":"https:\/\/zsms.zabrze.pl\/","logo":{"@type":"ImageObject","inLanguage":"pl-PL","@id":"https:\/\/zsms.zabrze.pl\/#\/schema\/logo\/image\/","url":"https:\/\/zsms.zabrze.pl\/wp-content\/uploads\/2020\/10\/logo600.jpg","contentUrl":"https:\/\/zsms.zabrze.pl\/wp-content\/uploads\/2020\/10\/logo600.jpg","width":600,"height":600,"caption":"Zesp\u00f3\u0142 Szk\u00f3\u0142 Mechaniczno-Samochodowych w Zabrzu"},"image":{"@id":"https:\/\/zsms.zabrze.pl\/#\/schema\/logo\/image\/"},"sameAs":["https:\/\/www.facebook.com\/zsmszabrze\/"]}]}},"_links":{"self":[{"href":"https:\/\/zsms.zabrze.pl\/index.php?rest_route=\/wp\/v2\/pages\/4869","targetHints":{"allow":["GET"]}}],"collection":[{"href":"https:\/\/zsms.zabrze.pl\/index.php?rest_route=\/wp\/v2\/pages"}],"about":[{"href":"https:\/\/zsms.zabrze.pl\/index.php?rest_route=\/wp\/v2\/types\/page"}],"author":[{"embeddable":true,"href":"https:\/\/zsms.zabrze.pl\/index.php?rest_route=\/wp\/v2\/users\/3"}],"replies":[{"embeddable":true,"href":"https:\/\/zsms.zabrze.pl\/index.php?rest_route=%2Fwp%2Fv2%2Fcomments&post=4869"}],"version-history":[{"count":22,"href":"https:\/\/zsms.zabrze.pl\/index.php?rest_route=\/wp\/v2\/pages\/4869\/revisions"}],"predecessor-version":[{"id":5619,"href":"https:\/\/zsms.zabrze.pl\/index.php?rest_route=\/wp\/v2\/pages\/4869\/revisions\/5619"}],"wp:attachment":[{"href":"https:\/\/zsms.zabrze.pl\/index.php?rest_route=%2Fwp%2Fv2%2Fmedia&parent=4869"}],"curies":[{"name":"wp","href":"https:\/\/api.w.org\/{rel}","templated":true}]}}