{"id":5200,"date":"2025-04-02T10:00:24","date_gmt":"2025-04-02T08:00:24","guid":{"rendered":"https:\/\/zsms.zabrze.pl\/?page_id=5200"},"modified":"2025-09-12T14:47:27","modified_gmt":"2025-09-12T12:47:27","slug":"psycholog-szkolny","status":"publish","type":"page","link":"https:\/\/zsms.zabrze.pl\/?page_id=5200","title":{"rendered":"Psycholog szkolny"},"content":{"rendered":"\n<p class=\"has-text-align-center has-white-color has-text-color has-background has-link-color has-medium-font-size wp-elements-587e77d9139d5746e598967978975794\" style=\"background-color:#0977b7\"><strong>mgr Patrycja Surma<\/strong><br>Poniedzia\u0142ek &#8211; 7.30 &#8211; 9.30<br>Wtorek &#8211; 7.30 &#8211; 12.30<br>Pi\u0105tek &#8211; 9.45 &#8211; 14.45<\/p>\n\n\n\n<p class=\"has-text-align-left has-background\" style=\"background-color:#f7f7f7\">Je\u015bli:<br>\u2794 masz jak\u0105\u015b trudno\u015b\u0107 i nie wiesz z kim o tym porozmawia\u0107,<br>\u2794 chcesz si\u0119 czym\u015b pochwali\u0107, o czym\u015b opowiedzie\u0107,<br>\u2794 nie czujesz si\u0119 dobrze, komfortowo w swojej klasie,<br>\u2794 czujesz si\u0119 odizolowany\/a od r\u00f3wie\u015bnik\u00f3w,<br>\u2794 kto\u015b Ci dokucza, wyzywa, wy\u015bmiewa, grozi,<br>\u2794 masz inne problemy w relacjach z r\u00f3wie\u015bnikami lub osobami doros\u0142ymi (rodzicami,<br>nauczycielami),<br>\u2794 masz trudno\u015bci w nauce,<br>\u2794 martwisz si\u0119 sytuacj\u0105 w domu rodzinnym,<br>\u2794 po prostu chcesz o co\u015b spyta\u0107.<\/p>\n\n\n\n<p class=\"has-text-align-center has-white-color has-vivid-red-background-color has-text-color has-background has-link-color wp-elements-6b5c13423682714f0f3daf4ecbd39f15\"><strong>Przyjd\u017a \u2013 razem spr\u00f3bujemy nad tym pracowa\u0107 \ud83d\ude42<br>Mo\u017cesz przyj\u015b\u0107 sam\/a w godzinach mojej pracy lub napisa\u0107 do mnie na MobiDzienniku.<\/strong><\/p>\n\n\n\n<p class=\"has-text-align-left has-background\" style=\"background-color:#e8f3ff\"><strong>Tajemnica zawodowa<\/strong><br>Przychodz\u0105c do mnie mo\u017cesz zastanawia\u0107 si\u0119, czy to, o czym b\u0119dziemy rozmawia\u0107 zostanie mi\u0119dzy nami. Psychologa\/psycholo\u017ck\u0119 obowi\u0105zuje tak zwana tajemnica zawodowa, oznacza to, \u017ce psycholog\/psycholo\u017cka nie mo\u017ce opowiada\u0107 innym o tym, czego dowiaduje si\u0119 od Ciebie. Jednak, je\u015bli psycholog\/psycholo\u017cka spotyka si\u0119 z osob\u0105 niepe\u0142noletni\u0105 to o pewnych sprawach musi rozmawia\u0107 z jej rodzicami lub opiekunami. Psycholog\/psycholo\u017cka musi poinformowa\u0107 rodzic\u00f3w\/opiekun\u00f3w je\u015bli dziecku grozi jakie\u015b niebezpiecze\u0144stwo. Z regu\u0142y powinien te\u017c poinformowa\u0107 rodzic\u00f3w\/opiekun\u00f3w o og\u00f3lnym przebiegu spotka\u0144, na przyk\u0142ad o samopoczuciu dziecka, jednak nie musi dzieli\u0107 si\u0119 z nimi szczeg\u00f3\u0142ami, dotycz\u0105cymi tych spotka\u0144. Na spotkaniu mo\u017cesz zapyta\u0107 o to, co zostanie mi\u0119dzy nami, a o czym musz\u0119 poinformowa\u0107 rodzic\u00f3w\/opiekun\u00f3w.<\/p>\n\n\n\n<p class=\"has-text-align-left\"><\/p>\n\n\n\n<p><\/p>\n\n\n\n<p><\/p>\n","protected":false},"excerpt":{"rendered":"<p>mgr Patrycja SurmaPoniedzia\u0142ek &#8211; 7.30 &#8211; 9.30Wtorek &#8211; 7.30 &#8211; 12.30Pi\u0105tek &#8211; 9.45 &#8211; 14.45 Je\u015bli:\u2794 masz jak\u0105\u015b trudno\u015b\u0107 i<\/p>\n","protected":false},"author":3,"featured_media":0,"parent":0,"menu_order":0,"comment_status":"closed","ping_status":"closed","template":"","meta":{"colormag_page_container_layout":"default_layout","colormag_page_sidebar_layout":"default_layout","footnotes":""},"class_list":["post-5200","page","type-page","status-publish","hentry"],"yoast_head":"<!-- This site is optimized with the Yoast SEO plugin v27.2 - https:\/\/yoast.com\/product\/yoast-seo-wordpress\/ -->\n<title>Psycholog szkolny - Zesp\u00f3\u0142 Szk\u00f3\u0142 Mechaniczno-Samochodowych w Zabrzu<\/title>\n<meta name=\"robots\" content=\"index, follow, max-snippet:-1, max-image-preview:large, max-video-preview:-1\" \/>\n<link rel=\"canonical\" href=\"https:\/\/zsms.zabrze.pl\/?page_id=5200\" \/>\n<meta property=\"og:locale\" content=\"pl_PL\" \/>\n<meta property=\"og:type\" content=\"article\" \/>\n<meta property=\"og:title\" content=\"Psycholog szkolny - Zesp\u00f3\u0142 Szk\u00f3\u0142 Mechaniczno-Samochodowych w Zabrzu\" \/>\n<meta property=\"og:description\" content=\"mgr Patrycja SurmaPoniedzia\u0142ek &#8211; 7.30 &#8211; 9.30Wtorek &#8211; 7.30 &#8211; 12.30Pi\u0105tek &#8211; 9.45 &#8211; 14.45 Je\u015bli:\u2794 masz jak\u0105\u015b trudno\u015b\u0107 i\" \/>\n<meta property=\"og:url\" content=\"https:\/\/zsms.zabrze.pl\/?page_id=5200\" \/>\n<meta property=\"og:site_name\" content=\"Zesp\u00f3\u0142 Szk\u00f3\u0142 Mechaniczno-Samochodowych w Zabrzu\" \/>\n<meta property=\"article:publisher\" content=\"https:\/\/www.facebook.com\/zsmszabrze\/\" \/>\n<meta property=\"article:modified_time\" content=\"2025-09-12T12:47:27+00:00\" \/>\n<meta name=\"twitter:card\" content=\"summary_large_image\" \/>\n<meta name=\"twitter:label1\" content=\"Szacowany czas czytania\" \/>\n\t<meta name=\"twitter:data1\" content=\"2 minuty\" \/>\n<!-- \/ Yoast SEO plugin. -->","yoast_head_json":{"title":"Psycholog szkolny - Zesp\u00f3\u0142 Szk\u00f3\u0142 Mechaniczno-Samochodowych w Zabrzu","robots":{"index":"index","follow":"follow","max-snippet":"max-snippet:-1","max-image-preview":"max-image-preview:large","max-video-preview":"max-video-preview:-1"},"canonical":"https:\/\/zsms.zabrze.pl\/?page_id=5200","og_locale":"pl_PL","og_type":"article","og_title":"Psycholog szkolny - Zesp\u00f3\u0142 Szk\u00f3\u0142 Mechaniczno-Samochodowych w Zabrzu","og_description":"mgr Patrycja SurmaPoniedzia\u0142ek &#8211; 7.30 &#8211; 9.30Wtorek &#8211; 7.30 &#8211; 12.30Pi\u0105tek &#8211; 9.45 &#8211; 14.45 Je\u015bli:\u2794 masz jak\u0105\u015b trudno\u015b\u0107 i","og_url":"https:\/\/zsms.zabrze.pl\/?page_id=5200","og_site_name":"Zesp\u00f3\u0142 Szk\u00f3\u0142 Mechaniczno-Samochodowych w Zabrzu","article_publisher":"https:\/\/www.facebook.com\/zsmszabrze\/","article_modified_time":"2025-09-12T12:47:27+00:00","twitter_card":"summary_large_image","twitter_misc":{"Szacowany czas czytania":"2 minuty"},"schema":{"@context":"https:\/\/schema.org","@graph":[{"@type":"WebPage","@id":"https:\/\/zsms.zabrze.pl\/?page_id=5200","url":"https:\/\/zsms.zabrze.pl\/?page_id=5200","name":"Psycholog szkolny - Zesp\u00f3\u0142 Szk\u00f3\u0142 Mechaniczno-Samochodowych w Zabrzu","isPartOf":{"@id":"https:\/\/zsms.zabrze.pl\/#website"},"datePublished":"2025-04-02T08:00:24+00:00","dateModified":"2025-09-12T12:47:27+00:00","breadcrumb":{"@id":"https:\/\/zsms.zabrze.pl\/?page_id=5200#breadcrumb"},"inLanguage":"pl-PL","potentialAction":[{"@type":"ReadAction","target":["https:\/\/zsms.zabrze.pl\/?page_id=5200"]}]},{"@type":"BreadcrumbList","@id":"https:\/\/zsms.zabrze.pl\/?page_id=5200#breadcrumb","itemListElement":[{"@type":"ListItem","position":1,"name":"Strona g\u0142\u00f3wna","item":"https:\/\/zsms.zabrze.pl\/"},{"@type":"ListItem","position":2,"name":"Psycholog szkolny"}]},{"@type":"WebSite","@id":"https:\/\/zsms.zabrze.pl\/#website","url":"https:\/\/zsms.zabrze.pl\/","name":"Zesp\u00f3\u0142 Szk\u00f3\u0142 Mechaniczno-Samochodowych w Zabrzu","description":"","publisher":{"@id":"https:\/\/zsms.zabrze.pl\/#organization"},"potentialAction":[{"@type":"SearchAction","target":{"@type":"EntryPoint","urlTemplate":"https:\/\/zsms.zabrze.pl\/?s={search_term_string}"},"query-input":{"@type":"PropertyValueSpecification","valueRequired":true,"valueName":"search_term_string"}}],"inLanguage":"pl-PL"},{"@type":"Organization","@id":"https:\/\/zsms.zabrze.pl\/#organization","name":"Zesp\u00f3\u0142 Szk\u00f3\u0142 Mechaniczno-Samochodowych w Zabrzu","url":"https:\/\/zsms.zabrze.pl\/","logo":{"@type":"ImageObject","inLanguage":"pl-PL","@id":"https:\/\/zsms.zabrze.pl\/#\/schema\/logo\/image\/","url":"https:\/\/zsms.zabrze.pl\/wp-content\/uploads\/2020\/10\/logo600.jpg","contentUrl":"https:\/\/zsms.zabrze.pl\/wp-content\/uploads\/2020\/10\/logo600.jpg","width":600,"height":600,"caption":"Zesp\u00f3\u0142 Szk\u00f3\u0142 Mechaniczno-Samochodowych w Zabrzu"},"image":{"@id":"https:\/\/zsms.zabrze.pl\/#\/schema\/logo\/image\/"},"sameAs":["https:\/\/www.facebook.com\/zsmszabrze\/"]}]}},"_links":{"self":[{"href":"https:\/\/zsms.zabrze.pl\/index.php?rest_route=\/wp\/v2\/pages\/5200","targetHints":{"allow":["GET"]}}],"collection":[{"href":"https:\/\/zsms.zabrze.pl\/index.php?rest_route=\/wp\/v2\/pages"}],"about":[{"href":"https:\/\/zsms.zabrze.pl\/index.php?rest_route=\/wp\/v2\/types\/page"}],"author":[{"embeddable":true,"href":"https:\/\/zsms.zabrze.pl\/index.php?rest_route=\/wp\/v2\/users\/3"}],"replies":[{"embeddable":true,"href":"https:\/\/zsms.zabrze.pl\/index.php?rest_route=%2Fwp%2Fv2%2Fcomments&post=5200"}],"version-history":[{"count":11,"href":"https:\/\/zsms.zabrze.pl\/index.php?rest_route=\/wp\/v2\/pages\/5200\/revisions"}],"predecessor-version":[{"id":5444,"href":"https:\/\/zsms.zabrze.pl\/index.php?rest_route=\/wp\/v2\/pages\/5200\/revisions\/5444"}],"wp:attachment":[{"href":"https:\/\/zsms.zabrze.pl\/index.php?rest_route=%2Fwp%2Fv2%2Fmedia&parent=5200"}],"curies":[{"name":"wp","href":"https:\/\/api.w.org\/{rel}","templated":true}]}}