{"id":82,"date":"2020-09-15T10:30:57","date_gmt":"2020-09-15T08:30:57","guid":{"rendered":"https:\/\/zsms.zabrze.pl\/?page_id=82"},"modified":"2021-03-22T19:23:45","modified_gmt":"2021-03-22T18:23:45","slug":"opisy-zawodow","status":"publish","type":"page","link":"https:\/\/zsms.zabrze.pl\/?page_id=82","title":{"rendered":"Opisy zawod\u00f3w"},"content":{"rendered":"\n<p><strong>TECHNIK POJAZD\u00d3W SAMOCHODOWYCH<\/strong><\/p>\n\n\n\n<p>Technik pojazd\u00f3w samochodowych to specjalista w zakresie budowy i eksploatacji samochod\u00f3w. Absolwenci tego kierunku kszta\u0142cenia maj\u0105 mo\u017cliwo\u015b\u0107 gruntownego poznania budowy pojazd\u00f3w samochodowych, a tak\u017ce nowoczesnych metod ich obs\u0142ugi i naprawy. Specjalista w dziedzinie pojazd\u00f3w samochodowych posiada r\u00f3wnie\u017c szerok\u0105 wiedz\u0119 z zakresu wsp\u00f3\u0142czesnych uk\u0142ad\u00f3w elektrycznych i elektronicznych, kt\u00f3re nie tylko zapewniaj\u0105 prawid\u0142owe i bezawaryjne dzia\u0142anie pojazdu, ale maj\u0105 ogromny wp\u0142yw na bezpiecze\u0144stwo ruchu.<\/p>\n\n\n\n<p>Pi\u0119cioletni cykl kszta\u0142cenia obejmuje nast\u0119puj\u0105ce przedmioty zawodowe:<\/p>\n\n\n\n<ul class=\"wp-block-list\"><li>Podstawy konstrukcji maszyn<\/li><li>Przepisy ruchu drogowego<\/li><li>Bezpiecze\u0144stwo pracy<\/li><li>Silniki pojazd\u00f3w samochodowych<\/li><li>Podwozia i nadwozia pojazd\u00f3w samochodowych<\/li><li>Elektryczne i elektroniczne wyposa\u017cenie pojazd\u00f3w samochodowych<\/li><li>Pracownia diagnostyki pojazd\u00f3w samochodowych<\/li><li>Pracownia elektrotechniki i elektroniki<\/li><li>Organizacja i zarz\u0105dzanie przedsi\u0119biorstwem samochodowym<\/li><li>J\u0119zyk obcy zawodowy<\/li><li>Zaj\u0119cia praktyczne<\/li><\/ul>\n\n\n\n<p>Technik pojazd\u00f3w samochodowych ma szans\u0119 zatrudnienia mi\u0119dzy innymi w:<\/p>\n\n\n\n<ul class=\"wp-block-list\"><li>w autoryzowanych stacjach obs\u0142ugi,<\/li><li>stacjach diagnostyki pojazd\u00f3w,<\/li><li>zak\u0142adach produkcji pojazd\u00f3w (m.in. OPEL w Glwicach, Fiat w Tychach),<\/li><li>zak\u0142adach produkuj\u0105cych podzespo\u0142y,<\/li><li>zajezdniach i bazach transportowych,<\/li><li>salonach sprzeda\u017cy samochod\u00f3w,<\/li><li>firmach przewozowych i kurierskich,<\/li><li>firmach sprzedaj\u0105cych cz\u0119\u015bci i materia\u0142y eksploatacyjne.<\/li><\/ul>\n\n\n\n<p>Wielu absolwent\u00f3w naszego technikum kontynuje nauk\u0119 na Wydziale Transportu Politechniki \u015al\u0105skiej w Gliwicach i innych renomowanych uczelniach kszta\u0142c\u0105cych in\u017cynier\u00f3w bran\u017cy motoryzacyjnej.<\/p>\n\n\n\n<p><strong>MECHANIK POJAZD\u00d3W SAMOCHODOWYCH<\/strong><\/p>\n\n\n\n<p>Po trzech latach nauki, absolwent zdaj\u0105c egzamin zawodowy uzyskuje kwalifikacje w zakresie diagnostyki, naprawy i obs\u0142ugi pojazd\u00f3w samochodowych. Uog\u00f3lniaj\u0105c, praca mechanika samochodowego polega na dbaniu o prawid\u0142owe dzia\u0142anie i odpowiedni poziom techniczny pojazd\u00f3w powierzonych mu przez klient\u00f3w (firmy, klienci indywidualni). Obowi\u0105zki mechanika pojazd\u00f3w samochodowych obejmuj\u0105 przede wszystkim sumienne i zgodne z obowi\u0105zuj\u0105c\u0105 technologi\u0105 wykonywanie prac demonta\u017cowych, monta\u017cowych i regulacyjnych w ca\u0142ych pojazdach oraz w poszczeg\u00f3lnych zespo\u0142ach i uk\u0142adach (z wy\u0142\u0105czeniem zespo\u0142\u00f3w i uk\u0142ad\u00f3w elektrycznych, kt\u00f3rymi zajmuje si\u0119 elektromechanik samochodowy).<\/p>\n\n\n\n<p>Zaj\u0119cia edukacyjne obejmuj\u0105 nast\u0119puj\u0105ce przedmioty zawodowe:<\/p>\n\n\n\n<ul class=\"wp-block-list\"><li>Budowa samochod\u00f3w,<\/li><li>Obs\u0142uga i naprawa samochod\u00f3w,<\/li><li>Wyposa\u017cenie elektryczne samochod\u00f3w,<\/li><li>Technologia mechaniczna,<\/li><li>Rysunek zawodowy,<\/li><li>Przepisy ruchu drogowego i technika kierowania pojazdami,<\/li><li>Zaj\u0119cia praktyczne.<\/li><\/ul>\n\n\n\n<p>Zaj\u0119cia praktyczne odbywaj\u0105 si\u0119 w renomowanych zak\u0142adach samochodowych na terenie Zabrza i okolic. W pierwszej i drugiej klasie zaj\u0119cia praktyczne odbywaj\u0105 si\u0119 dwa razy w tygodniu, a w klasie trzeciej trzy dni w tygodniu.<\/p>\n\n\n\n<p>Mechanik pojazd\u00f3w samochodowych mo\u017ce znale\u017a\u0107 zatrudnienie przede wszystkim w:<\/p>\n\n\n\n<ul class=\"wp-block-list\"><li>autoryzowanych stacjach obs\u0142ugi pojazd\u00f3w,<\/li><li>wyspecjalizowanych warsztatach samochodowych,<\/li><li>zak\u0142adach produkuj\u0105cych samochody,<\/li><li>zajezdniach i bazach transportowych,<\/li><li>firmach przewozowych i kurierskich,<\/li><li>firmach zajmuj\u0105cych si\u0119 dystrybucj\u0105 cz\u0119\u015bci i materia\u0142\u00f3w eksploatacyjnych.<\/li><\/ul>\n\n\n\n<p><strong>ELEKTROMECHANIK POJAZD\u00d3W SAMOCHODOWYCH<\/strong><\/p>\n\n\n\n<p>Nauka w zawodzie elektromechanik poj. sam. trwa 3 lata. W jej trakcie odbywaj\u0105 si\u0119 zaj\u0119cia teoretyczne z przedmiot\u00f3w og\u00f3lnokszta\u0142c\u0105cych i zawodowych, a tak\u017ce zaj\u0119cia praktyczne w Centrum Kszta\u0142cenia Praktycznego w Zabrzu. Absolwent po zdaniu egzaminu zawodowego uzyskuje kwalifikacje w zawodzie.<\/p>\n\n\n\n<p>Elektromechanik poj. samochodowych, nazywany cz\u0119sto elektrykiem samochodowym zajmuje si\u0119 w szczeg\u00f3lno\u015bci wykrywaniem i usuwaniem usterek obwod\u00f3w elektrycznych i elektronicznych pojazd\u00f3w, a tak\u017ce monta\u017cem wyposa\u017cenia dodatkowego takich jak alarmy, centralne zamki, sprz\u0119t car audio i innych. Coraz wi\u0119kszy udzia\u0142 elektroniki w pojazdach powoduje, \u017ce elektromechanicy s\u0105 i b\u0119d\u0105 bardzo poszukiwan\u0105 grup\u0105 zawodow\u0105 na rynku pracy.<\/p>\n\n\n\n<p>W czasie trzech lat kszta\u0142cenia elektromechanicy ucz\u0105 si\u0119 nast\u0119puj\u0105cych przedmiot\u00f3w zawodowych:<\/p>\n\n\n\n<ul class=\"wp-block-list\"><li>Podstawy techniki,<\/li><li>Podstawy elektrotechniki i elektroniki,<\/li><li>Konstrukcja pojazd\u00f3w samochodowych,<\/li><li>Urz\u0105dzenia elektryczne i elektroniczne pojazd\u00f3w samochodowych,<\/li><li>Przepisy ruchu drogowego,<\/li><li>Pracownia elektromechaniki i elektroniki,<\/li><li>Zaj\u0119cia praktyczne.<\/li><\/ul>\n\n\n\n<p>Elektromechanik samochodowy, podobnie jak mechanik mo\u017ce znale\u017a\u0107 zatrudnienie w wielu zak\u0142adach bran\u017cy motoryzacyjnej, zw\u0142aszcza w autoryzowanych stacjach obs\u0142ugi pojazd\u00f3w oraz wyspecjalizowanych warsztatach samochodowych.<\/p>\n\n\n\n<p><strong>BLACHARZ SAMOCHODOWY<\/strong><\/p>\n\n\n\n<p>Nauka w zawodzie blacharz samochodowy r\u00f3wnie\u017c trwa 3 lata i ko\u0144czy si\u0119 egzaminem czeladniczym zdawanym przed komisj\u0105 powo\u0142an\u0105 przez Cech Rzemios\u0142 R\u00f3\u017cnych. Zaj\u0119cia praktyczne odbywaj\u0105 si\u0119 w autoryzowanych stacjach obs\u0142ugi i w wyspecjalizowanych zak\u0142adach rzemie\u015blniczych.<\/p>\n\n\n\n<p>Blacharz samochodowy, to specjalista od nadwozi samochodowych. Podstawowym profilem dzia\u0142alno\u015bci blacharza smochodowego s\u0105 prace remontowo-modernizacyjne oraz prototypowe w zakresie obr\u00f3bki i kszta\u0142towania blach samochodowych.<\/p>\n\n\n\n<p>Trzyletni cykl nauki obejmuje nast\u0119puj\u0105ce przedmioty zawodowe:<\/p>\n\n\n\n<ul class=\"wp-block-list\"><li>Rysunek techniczny,<\/li><li>Technologia napraw blacharskich,<\/li><li>Budowa pojazd\u00f3w samochodowych,<\/li><li>Obs\u0142uga klienta w warsztacie blacharskim,<\/li><li>Zaj\u0119cia praktyczne.<\/li><\/ul>\n\n\n\n<p>Blacharz samochodowy jest bardzo cenionym i poszukiwanym fachowcem w Polsce i w wielu krajach Uni Europejskiej. Mo\u017ce znale\u017a\u0107 zatrudnienie w zak\u0142adach motoryzacyjnych zajmuj\u0105cych si\u0119 budow\u0105 i napraw\u0105 samochod\u00f3w.<\/p>\n\n\n\n<p><strong>LAKIERNIK<\/strong> SAMOCHODOWY<\/p>\n\n\n\n<p>Nauka w zawodzie lakiernik trwa 3 lata i ko\u0144czy si\u0119 egzaminem czeladniczym zdawanym przed komisj\u0105 powo\u0142an\u0105 przez Cech Rzemios\u0142 R\u00f3\u017cnych. Zaj\u0119cia praktyczne odbywaj\u0105 si\u0119 w autoryzowanych stacjach obs\u0142ugi i w wyspecjalizowanych zak\u0142adach rzemie\u015blniczych.<\/p>\n\n\n\n<p>Lakiernik samochodowy to wysokiej klasy specjalista, kt\u00f3ry wprawnym ruchem d\u0142oni potrafi przywr\u00f3ci\u0107 blask staremu lub zniszczonemu nadwoziu. Praca lakiernika obejmuje czynno\u015bci wst\u0119pne, takie jak wyg\u0142adzanie nadwozia z wszelkich chropowato\u015bci czy malowanie podk\u0142adowe oraz lakierowanie w\u0142a\u015bciwe, kt\u00f3re wymaga najwy\u017cszych kwalifikacji i du\u017cego do\u015bwiadczenia.<\/p>\n\n\n\n<p>W Naszej Szkole lakiernik kszta\u0142ci si\u0119 w klasie wielozawodwej, w kt\u00f3rej nauka przedmiot\u00f3w teoretycznych podzielona jest na dwa etapy: w pierwszym, dwa lub trzy razy w tygodniu ucze\u0144 ucz\u0119szcza do szko\u0142y kszta\u0142c\u0105c si\u0119 og\u00f3lnie, w drugim zdobywa wiedz\u0119 zawodow\u0105 na miesi\u0119cznych kursach zawodowych.<\/p>\n\n\n\n<p>Kursy zawodowe obejmuj\u0105 nast\u0119puj\u0105ce przedmioty:<\/p>\n\n\n\n<ul class=\"wp-block-list\"><li>Chemia z materia\u0142oznawstwem,<\/li><li>Rysunek techniczny z maszynoznawstwem,<\/li><li>Podstawy elektrotechniki i elektroniki,<\/li><li>Pomiary techniczne,<\/li><li>Technologia.<\/li><\/ul>\n\n\n\n<p>Wykwalifikowani lakiernicy samochodowi bez problemu znajduj\u0105 zatrudnienie w zak\u0142adach napraw samochod\u00f3w. Maj\u0105 r\u00f3wnie\u017c szerokie perspektywy zatrudnienia w przemy\u015ble (nie tylko motoryzacyjnym).<\/p>\n\n\n\n<p><strong>FRYZJER<\/strong><\/p>\n\n\n\n<p>W zabrza\u0144skiej &#8222;samochod\u00f3wce&#8221; kszta\u0142c\u0105 si\u0119 nie tylko specjali\u015bci bran\u017cy motoryzacyjnej. Najlepszym tego przyk\u0142adem jest prowadzona od wielu lat klasa &#8222;fryzjerska&#8221;. Zaj\u0119cia w szkole odbywaj\u0105 si\u0119 w nowoczesnej pracowni fryzjerskiej, poza tym uczennice kilka razy w tygodniu odbywaj\u0105 praktyki w renomowanych zak\u0142adach fryzjerskich.<\/p>\n\n\n\n<p>Zaj\u0119cia w szkole obejmuj\u0105 nast\u0119puj\u0105ce przedmioty zawodowe:<\/p>\n\n\n\n<ul class=\"wp-block-list\"><li>Higiena,<\/li><li>Stylizacja,<\/li><li>Materia\u0142y fryzjerskie,<\/li><li>Podstawy dzia\u0142alno\u015bci us\u0142ugowej,<\/li><li>Technologia fryzjerska.<\/li><\/ul>\n\n\n\n<p>Po trzech latach nauki absolwenci przyst\u0119puj\u0105 do egzaminu czeladniczego.<\/p>\n\n\n\n<p>Fryzjer zawodowo zajmuje si\u0119 uk\u0142adaniem fryzur zgodnie z \u017cyczeniem klienta. W pierwszej kolejno\u015bci doradza wyb\u00f3r odpowiedniej fryzury, dopasowanej do kszta\u0142tu twarzy klienta i jego kolorystyki lub proponuje odpowiednie modyfikacje.<\/p>\n\n\n\n<p>Obok strzy\u017cenia i uk\u0142adania w\u0142os\u00f3w, fryzjerzy zajmuj\u0105 si\u0119 tak\u017ce wszelkimi rodzajami koloryzacji w\u0142os\u00f3w &#8211; farbowaniem, rozja\u015bnianiem, tworzeniem pasemek, baleja\u017cem, dekoloryzacj\u0105. Wiele salon\u00f3w oferuje r\u00f3wnie\u017c us\u0142ugi zwi\u0105zane z przed\u0142u\u017caniem lub zag\u0119szczaniem w\u0142os\u00f3w czy zabiegami regeneracyjnymi w\u0142os\u00f3w zniszczonych.<\/p>\n\n\n\n<p>Fryzjer zajmuje si\u0119 r\u00f3wnie\u017c tworzeniem fryzur okoliczno\u015bciowych, tworzonych na specjalne okazje takie jak \u015bluby, komunie, sylwester, chrzciny. Doradza klientom w doborze najlepszych \u015brodk\u00f3w piel\u0119gnacyjnych oraz we w\u0142a\u015bciwym dbaniu o wykonan\u0105 fryzur\u0119. Od dobrego fryzjera wymagane s\u0105 przede wszystkim umiej\u0119tno\u015bci fryzjerskie, a co za tym idzie umiej\u0119tno\u015bci manualne, wyobra\u017ania, zmys\u0142 estetyczny, jak r\u00f3wnie\u017c r\u00f3wnie\u017c wysoka kultura osobista oraz czysto\u015b\u0107 podczas wykonywania pracy. Wa\u017cne jest r\u00f3wnie\u017c aby fryzjer szanowa\u0142 decyzje klienta i s\u0142ucha\u0142 jego wskaz\u00f3wek i \u017cycze\u0144.<\/p>\n\n\n\n<p>Miejscem pracy fryzjera mog\u0105 by\u0107 nie tylko salony fryzjerskie, ale tak\u017ce miejsca, gdzie potrzebny jest specjalista od stylizacji w\u0142os\u00f3w, czyli teatry, plan zdj\u0119ciowy, telewizja, studia fotograficzne.<\/p>\n","protected":false},"excerpt":{"rendered":"<p>TECHNIK POJAZD\u00d3W SAMOCHODOWYCH Technik pojazd\u00f3w samochodowych to specjalista w zakresie budowy i eksploatacji samochod\u00f3w. Absolwenci tego kierunku kszta\u0142cenia maj\u0105 mo\u017cliwo\u015b\u0107<\/p>\n","protected":false},"author":3,"featured_media":0,"parent":0,"menu_order":0,"comment_status":"closed","ping_status":"closed","template":"","meta":{"colormag_page_container_layout":"default_layout","colormag_page_sidebar_layout":"default_layout","footnotes":""},"class_list":["post-82","page","type-page","status-publish","hentry"],"yoast_head":"<!-- This site is optimized with the Yoast SEO plugin v27.2 - https:\/\/yoast.com\/product\/yoast-seo-wordpress\/ -->\n<title>Opisy zawod\u00f3w - Zesp\u00f3\u0142 Szk\u00f3\u0142 Mechaniczno-Samochodowych w Zabrzu<\/title>\n<meta name=\"robots\" content=\"index, follow, max-snippet:-1, max-image-preview:large, max-video-preview:-1\" \/>\n<link rel=\"canonical\" href=\"https:\/\/zsms.zabrze.pl\/?page_id=82\" \/>\n<meta property=\"og:locale\" content=\"pl_PL\" \/>\n<meta property=\"og:type\" content=\"article\" \/>\n<meta property=\"og:title\" content=\"Opisy zawod\u00f3w - Zesp\u00f3\u0142 Szk\u00f3\u0142 Mechaniczno-Samochodowych w Zabrzu\" \/>\n<meta property=\"og:description\" content=\"TECHNIK POJAZD\u00d3W SAMOCHODOWYCH Technik pojazd\u00f3w samochodowych to specjalista w zakresie budowy i eksploatacji samochod\u00f3w. Absolwenci tego kierunku kszta\u0142cenia maj\u0105 mo\u017cliwo\u015b\u0107\" \/>\n<meta property=\"og:url\" content=\"https:\/\/zsms.zabrze.pl\/?page_id=82\" \/>\n<meta property=\"og:site_name\" content=\"Zesp\u00f3\u0142 Szk\u00f3\u0142 Mechaniczno-Samochodowych w Zabrzu\" \/>\n<meta property=\"article:publisher\" content=\"https:\/\/www.facebook.com\/zsmszabrze\/\" \/>\n<meta property=\"article:modified_time\" content=\"2021-03-22T18:23:45+00:00\" \/>\n<meta name=\"twitter:card\" content=\"summary_large_image\" \/>\n<meta name=\"twitter:label1\" content=\"Szacowany czas czytania\" \/>\n\t<meta name=\"twitter:data1\" content=\"5 minut\" \/>\n<!-- \/ Yoast SEO plugin. -->","yoast_head_json":{"title":"Opisy zawod\u00f3w - Zesp\u00f3\u0142 Szk\u00f3\u0142 Mechaniczno-Samochodowych w Zabrzu","robots":{"index":"index","follow":"follow","max-snippet":"max-snippet:-1","max-image-preview":"max-image-preview:large","max-video-preview":"max-video-preview:-1"},"canonical":"https:\/\/zsms.zabrze.pl\/?page_id=82","og_locale":"pl_PL","og_type":"article","og_title":"Opisy zawod\u00f3w - Zesp\u00f3\u0142 Szk\u00f3\u0142 Mechaniczno-Samochodowych w Zabrzu","og_description":"TECHNIK POJAZD\u00d3W SAMOCHODOWYCH Technik pojazd\u00f3w samochodowych to specjalista w zakresie budowy i eksploatacji samochod\u00f3w. Absolwenci tego kierunku kszta\u0142cenia maj\u0105 mo\u017cliwo\u015b\u0107","og_url":"https:\/\/zsms.zabrze.pl\/?page_id=82","og_site_name":"Zesp\u00f3\u0142 Szk\u00f3\u0142 Mechaniczno-Samochodowych w Zabrzu","article_publisher":"https:\/\/www.facebook.com\/zsmszabrze\/","article_modified_time":"2021-03-22T18:23:45+00:00","twitter_card":"summary_large_image","twitter_misc":{"Szacowany czas czytania":"5 minut"},"schema":{"@context":"https:\/\/schema.org","@graph":[{"@type":"WebPage","@id":"https:\/\/zsms.zabrze.pl\/?page_id=82","url":"https:\/\/zsms.zabrze.pl\/?page_id=82","name":"Opisy zawod\u00f3w - Zesp\u00f3\u0142 Szk\u00f3\u0142 Mechaniczno-Samochodowych w Zabrzu","isPartOf":{"@id":"https:\/\/zsms.zabrze.pl\/#website"},"datePublished":"2020-09-15T08:30:57+00:00","dateModified":"2021-03-22T18:23:45+00:00","breadcrumb":{"@id":"https:\/\/zsms.zabrze.pl\/?page_id=82#breadcrumb"},"inLanguage":"pl-PL","potentialAction":[{"@type":"ReadAction","target":["https:\/\/zsms.zabrze.pl\/?page_id=82"]}]},{"@type":"BreadcrumbList","@id":"https:\/\/zsms.zabrze.pl\/?page_id=82#breadcrumb","itemListElement":[{"@type":"ListItem","position":1,"name":"Strona g\u0142\u00f3wna","item":"https:\/\/zsms.zabrze.pl\/"},{"@type":"ListItem","position":2,"name":"Opisy zawod\u00f3w"}]},{"@type":"WebSite","@id":"https:\/\/zsms.zabrze.pl\/#website","url":"https:\/\/zsms.zabrze.pl\/","name":"Zesp\u00f3\u0142 Szk\u00f3\u0142 Mechaniczno-Samochodowych w Zabrzu","description":"","publisher":{"@id":"https:\/\/zsms.zabrze.pl\/#organization"},"potentialAction":[{"@type":"SearchAction","target":{"@type":"EntryPoint","urlTemplate":"https:\/\/zsms.zabrze.pl\/?s={search_term_string}"},"query-input":{"@type":"PropertyValueSpecification","valueRequired":true,"valueName":"search_term_string"}}],"inLanguage":"pl-PL"},{"@type":"Organization","@id":"https:\/\/zsms.zabrze.pl\/#organization","name":"Zesp\u00f3\u0142 Szk\u00f3\u0142 Mechaniczno-Samochodowych w Zabrzu","url":"https:\/\/zsms.zabrze.pl\/","logo":{"@type":"ImageObject","inLanguage":"pl-PL","@id":"https:\/\/zsms.zabrze.pl\/#\/schema\/logo\/image\/","url":"https:\/\/zsms.zabrze.pl\/wp-content\/uploads\/2020\/10\/logo600.jpg","contentUrl":"https:\/\/zsms.zabrze.pl\/wp-content\/uploads\/2020\/10\/logo600.jpg","width":600,"height":600,"caption":"Zesp\u00f3\u0142 Szk\u00f3\u0142 Mechaniczno-Samochodowych w Zabrzu"},"image":{"@id":"https:\/\/zsms.zabrze.pl\/#\/schema\/logo\/image\/"},"sameAs":["https:\/\/www.facebook.com\/zsmszabrze\/"]}]}},"_links":{"self":[{"href":"https:\/\/zsms.zabrze.pl\/index.php?rest_route=\/wp\/v2\/pages\/82","targetHints":{"allow":["GET"]}}],"collection":[{"href":"https:\/\/zsms.zabrze.pl\/index.php?rest_route=\/wp\/v2\/pages"}],"about":[{"href":"https:\/\/zsms.zabrze.pl\/index.php?rest_route=\/wp\/v2\/types\/page"}],"author":[{"embeddable":true,"href":"https:\/\/zsms.zabrze.pl\/index.php?rest_route=\/wp\/v2\/users\/3"}],"replies":[{"embeddable":true,"href":"https:\/\/zsms.zabrze.pl\/index.php?rest_route=%2Fwp%2Fv2%2Fcomments&post=82"}],"version-history":[{"count":2,"href":"https:\/\/zsms.zabrze.pl\/index.php?rest_route=\/wp\/v2\/pages\/82\/revisions"}],"predecessor-version":[{"id":1513,"href":"https:\/\/zsms.zabrze.pl\/index.php?rest_route=\/wp\/v2\/pages\/82\/revisions\/1513"}],"wp:attachment":[{"href":"https:\/\/zsms.zabrze.pl\/index.php?rest_route=%2Fwp%2Fv2%2Fmedia&parent=82"}],"curies":[{"name":"wp","href":"https:\/\/api.w.org\/{rel}","templated":true}]}}